{"id":2808,"date":"2023-02-17T12:27:31","date_gmt":"2023-02-17T11:27:31","guid":{"rendered":"https:\/\/interfilling.com\/blog\/"},"modified":"2024-07-29T15:48:59","modified_gmt":"2024-07-29T13:48:59","slug":"blog","status":"publish","type":"page","link":"https:\/\/interfilling.com\/de\/ueber-uns\/blog\/","title":{"rendered":"Blog"},"content":{"rendered":"<section id=section-block-block_33269f46515131c487aef993b61dcbf3 class=\"section query-overview-block\" itemscope itemtype=\"http:\/\/schema.org\/WebPageElement\" itemprop=\"hasPart\"><div class=\"container\"><div class=\"block-row blocks-in-row-1\"><div class=\"block query-with-filter-block\"><div class=\"title-wrapper\"><h1 class=\"block-title h2\">Blogs<\/h1><\/div><div class=\"filter-wrapper filter-side\" data-order=\"desc\"\n                                    data-orderby=\"date\"\n                                    data-chosen-pt=\"post\"\n                                    data-chosen-cat=\"category\"\n                                    data-offset=\"0\"\n                                    data-posts-per-page=\"999\"><ul><li><button class=\"active-item\" data-slug=\"*\">All<\/button><\/li><li><button data-slug=\"andere\">Andere<\/button><\/li><li><button data-slug=\"news\">News<\/button><\/li><li><button data-slug=\"blog-de\">Blog<\/button><\/li><\/ul><\/div><div class=\"collection-side\"><div class=\"loader\"><\/div><ul class=\"collection-wrapper\" itemscope itemtype=\"https:\/\/schema.org\/Collection\"><li class=\"list-item post\"><a itemprop=\"url\" href=\"https:\/\/interfilling.com\/de\/blog\/european-beauty-contract-filling-company-2024\/\" class=\"part global-part\" itemscope itemtype=\"https:\/\/schema.org\/Article\"><article><div class=\"inner-wrapper\"><ul class=\"category-list\"><li>News<\/li><\/ul><h2 class=\"part-title\" itemprop=\"headline\">Interfilling feiert den Gewinn des Titels European Beauty Contract Filling Company of the Year 2024 &#8211; Zum zweiten Mal in Folge<\/h2><div class=\"thumb\"><meta content=\"https:\/\/interfilling.com\/wp-content\/uploads\/2024\/11\/Banner-720x410.png\" itemprop=\"image\"><img decoding=\"async\" width=\"720\" height=\"410\" src=\"https:\/\/interfilling.com\/wp-content\/uploads\/2024\/11\/Banner-720x410.png\" class=\"attachment-news size-news wp-post-image\" alt=\"Award 2024\" \/><\/div><\/div><\/article><meta content=\"27.11.2024\" itemprop=\"datePublished\"><meta content=\"03.12.2024\" itemprop=\"dateModified\"><meta content=\"Isa\" itemprop=\"author\"><div class=\"meta-tag-wrapper\" itemprop=\"publisher\" itemscope itemtype=\"https:\/\/schema.org\/Organization\"><meta content=\"Interfilling\" itemprop=\"name\"><div itemprop=\"logo\" itemscope itemtype=\"https:\/\/schema.org\/ImageObject\"><meta itemprop=\"url\" content=\"https:\/\/interfilling.com\/wp-content\/themes\/interfilling\/assets\/dist\/images\/logo.svg\"><\/div><\/div><\/a><\/li><li class=\"list-item post\"><a itemprop=\"url\" href=\"https:\/\/interfilling.com\/de\/blog\/erster-eindruck-von-unserer-neuesten-eigenmarken-produktlinie\/\" class=\"part global-part\" itemscope itemtype=\"https:\/\/schema.org\/Article\"><article><div class=\"inner-wrapper\"><ul class=\"category-list\"><li>News<\/li><\/ul><h2 class=\"part-title\" itemprop=\"headline\">Ein exklusiver Einblick in unsere aktuelle Eigenmarken-Produktlinie<\/h2><div class=\"thumb\"><meta content=\"https:\/\/interfilling.com\/wp-content\/uploads\/2024\/05\/Post-1-720x410.png\" itemprop=\"image\"><img decoding=\"async\" width=\"720\" height=\"410\" src=\"https:\/\/interfilling.com\/wp-content\/uploads\/2024\/05\/Post-1-720x410.png\" class=\"attachment-news size-news wp-post-image\" alt=\"\" \/><\/div><\/div><\/article><meta content=\"29.05.2024\" itemprop=\"datePublished\"><meta content=\"30.07.2024\" itemprop=\"dateModified\"><meta content=\"jannekekeystone\" itemprop=\"author\"><div class=\"meta-tag-wrapper\" itemprop=\"publisher\" itemscope itemtype=\"https:\/\/schema.org\/Organization\"><meta content=\"Interfilling\" itemprop=\"name\"><div itemprop=\"logo\" itemscope itemtype=\"https:\/\/schema.org\/ImageObject\"><meta itemprop=\"url\" content=\"https:\/\/interfilling.com\/wp-content\/themes\/interfilling\/assets\/dist\/images\/logo.svg\"><\/div><\/div><\/a><\/li><li class=\"list-item post\"><a itemprop=\"url\" href=\"https:\/\/interfilling.com\/de\/blog\/interfilling-auf-der-cosmeticbusiness-2024\/\" class=\"part global-part\" itemscope itemtype=\"https:\/\/schema.org\/Article\"><article><div class=\"inner-wrapper\"><ul class=\"category-list\"><li>News<\/li><\/ul><h2 class=\"part-title\" itemprop=\"headline\">Interfilling auf der CosmeticBusiness 2024<\/h2><div class=\"thumb\"><meta content=\"https:\/\/interfilling.com\/wp-content\/uploads\/2024\/05\/Deel-1-720x410.png\" itemprop=\"image\"><img decoding=\"async\" width=\"720\" height=\"410\" src=\"https:\/\/interfilling.com\/wp-content\/uploads\/2024\/05\/Deel-1-720x410.png\" class=\"attachment-news size-news wp-post-image\" alt=\"\" \/><\/div><\/div><\/article><meta content=\"15.05.2024\" itemprop=\"datePublished\"><meta content=\"29.07.2024\" itemprop=\"dateModified\"><meta content=\"jannekekeystone\" itemprop=\"author\"><div class=\"meta-tag-wrapper\" itemprop=\"publisher\" itemscope itemtype=\"https:\/\/schema.org\/Organization\"><meta content=\"Interfilling\" itemprop=\"name\"><div itemprop=\"logo\" itemscope itemtype=\"https:\/\/schema.org\/ImageObject\"><meta itemprop=\"url\" content=\"https:\/\/interfilling.com\/wp-content\/themes\/interfilling\/assets\/dist\/images\/logo.svg\"><\/div><\/div><\/a><\/li><li class=\"list-item post\"><a itemprop=\"url\" href=\"https:\/\/interfilling.com\/de\/blog\/nachhaltige-verpackungsloesungen-fuer-umweltfreundliche-kosmetikmarken\/\" class=\"part global-part\" itemscope itemtype=\"https:\/\/schema.org\/Article\"><article><div class=\"inner-wrapper\"><ul class=\"category-list\"><li>Blog<\/li><\/ul><h2 class=\"part-title\" itemprop=\"headline\">Nachhaltige Verpackungsl\u00f6sungen f\u00fcr umweltfreundliche Kosmetikmarken<\/h2><div class=\"thumb\"><meta content=\"https:\/\/interfilling.com\/wp-content\/uploads\/2024\/02\/A7V04874-720x410.jpg\" itemprop=\"image\"><img decoding=\"async\" width=\"720\" height=\"410\" src=\"https:\/\/interfilling.com\/wp-content\/uploads\/2024\/02\/A7V04874-720x410.jpg\" class=\"attachment-news size-news wp-post-image\" alt=\"Sustainability Interfilling\" \/><\/div><\/div><\/article><meta content=\"08.02.2024\" itemprop=\"datePublished\"><meta content=\"30.07.2024\" itemprop=\"dateModified\"><meta content=\"jannekekeystone\" itemprop=\"author\"><div class=\"meta-tag-wrapper\" itemprop=\"publisher\" itemscope itemtype=\"https:\/\/schema.org\/Organization\"><meta content=\"Interfilling\" itemprop=\"name\"><div itemprop=\"logo\" itemscope itemtype=\"https:\/\/schema.org\/ImageObject\"><meta itemprop=\"url\" content=\"https:\/\/interfilling.com\/wp-content\/themes\/interfilling\/assets\/dist\/images\/logo.svg\"><\/div><\/div><\/a><\/li><li class=\"list-item post\"><a itemprop=\"url\" href=\"https:\/\/interfilling.com\/de\/blog\/wirkung-der-verpackung-einen-bleibenden-eindruck-bei-den-verbrauchern-hinterlassen\/\" class=\"part global-part\" itemscope itemtype=\"https:\/\/schema.org\/Article\"><article><div class=\"inner-wrapper\"><ul class=\"category-list\"><li>Blog<\/li><\/ul><h2 class=\"part-title\" itemprop=\"headline\">Die Wirkung der Verpackung: Einen bleibenden Eindruck bei den Verbrauchern hinterlassen<\/h2><div class=\"thumb\"><meta content=\"https:\/\/interfilling.com\/wp-content\/uploads\/2023\/11\/Packaging-Impact-Leaving-a-Lasting-Impression-on-Consumers-02-720x410.jpg\" itemprop=\"image\"><img decoding=\"async\" width=\"720\" height=\"410\" src=\"https:\/\/interfilling.com\/wp-content\/uploads\/2023\/11\/Packaging-Impact-Leaving-a-Lasting-Impression-on-Consumers-02-720x410.jpg\" class=\"attachment-news size-news wp-post-image\" alt=\"\" \/><\/div><\/div><\/article><meta content=\"01.11.2023\" itemprop=\"datePublished\"><meta content=\"29.07.2024\" itemprop=\"dateModified\"><meta content=\"admin\" itemprop=\"author\"><div class=\"meta-tag-wrapper\" itemprop=\"publisher\" itemscope itemtype=\"https:\/\/schema.org\/Organization\"><meta content=\"Interfilling\" itemprop=\"name\"><div itemprop=\"logo\" itemscope itemtype=\"https:\/\/schema.org\/ImageObject\"><meta itemprop=\"url\" content=\"https:\/\/interfilling.com\/wp-content\/themes\/interfilling\/assets\/dist\/images\/logo.svg\"><\/div><\/div><\/a><\/li><\/ul><\/div><\/div><\/div><\/div><\/section>","protected":false},"excerpt":{"rendered":"","protected":false},"author":1,"featured_media":0,"parent":2812,"menu_order":54,"comment_status":"closed","ping_status":"closed","template":"","meta":{"_acf_changed":false,"footnotes":""},"class_list":["post-2808","page","type-page","status-publish","hentry"],"acf":[],"yoast_head":"<!-- This site is optimized with the Yoast SEO plugin v27.1.1 - https:\/\/yoast.com\/product\/yoast-seo-wordpress\/ -->\n<title>Blog | Interfilling<\/title>\n<meta name=\"description\" content=\"St\u00f6bern Sie in unserem Blog und erfahren Sie mehr \u00fcber Verpackung, Abf\u00fcllung, Fulfillment und vieles mehr. Jetzt lesen!\" \/>\n<meta name=\"robots\" content=\"index, follow, max-snippet:-1, max-image-preview:large, max-video-preview:-1\" \/>\n<link rel=\"canonical\" href=\"https:\/\/interfilling.com\/de\/ueber-uns\/blog\/\" \/>\n<meta property=\"og:locale\" content=\"de_DE\" \/>\n<meta property=\"og:type\" content=\"article\" \/>\n<meta property=\"og:title\" content=\"Blog | Interfilling\" \/>\n<meta property=\"og:description\" content=\"St\u00f6bern Sie in unserem Blog und erfahren Sie mehr \u00fcber Verpackung, Abf\u00fcllung, Fulfillment und vieles mehr. Jetzt lesen!\" \/>\n<meta property=\"og:url\" content=\"https:\/\/interfilling.com\/de\/ueber-uns\/blog\/\" \/>\n<meta property=\"og:site_name\" content=\"Interfilling\" \/>\n<meta property=\"article:modified_time\" content=\"2024-07-29T13:48:59+00:00\" \/>\n<meta name=\"twitter:card\" content=\"summary_large_image\" \/>\n<meta name=\"twitter:site\" content=\"@interfilling\" \/>\n<meta name=\"twitter:label1\" content=\"Gesch\u00e4tzte Lesezeit\" \/>\n\t<meta name=\"twitter:data1\" content=\"1\u00a0Minute\" \/>\n<script type=\"application\/ld+json\" class=\"yoast-schema-graph\">{\"@context\":\"https:\/\/schema.org\",\"@graph\":[{\"@type\":\"WebPage\",\"@id\":\"https:\/\/interfilling.com\/de\/ueber-uns\/blog\/\",\"url\":\"https:\/\/interfilling.com\/de\/ueber-uns\/blog\/\",\"name\":\"Blog | Interfilling\",\"isPartOf\":{\"@id\":\"https:\/\/interfilling.com\/de\/#website\"},\"datePublished\":\"2023-02-17T11:27:31+00:00\",\"dateModified\":\"2024-07-29T13:48:59+00:00\",\"description\":\"St\u00f6bern Sie in unserem Blog und erfahren Sie mehr \u00fcber Verpackung, Abf\u00fcllung, Fulfillment und vieles mehr. Jetzt lesen!\",\"breadcrumb\":{\"@id\":\"https:\/\/interfilling.com\/de\/ueber-uns\/blog\/#breadcrumb\"},\"inLanguage\":\"de\",\"potentialAction\":[{\"@type\":\"ReadAction\",\"target\":[\"https:\/\/interfilling.com\/de\/ueber-uns\/blog\/\"]}]},{\"@type\":\"BreadcrumbList\",\"@id\":\"https:\/\/interfilling.com\/de\/ueber-uns\/blog\/#breadcrumb\",\"itemListElement\":[{\"@type\":\"ListItem\",\"position\":1,\"name\":\"Home\",\"item\":\"https:\/\/interfilling.com\/de\/\"},{\"@type\":\"ListItem\",\"position\":2,\"name\":\"\u00dcber uns\",\"item\":\"https:\/\/interfilling.com\/de\/ueber-uns\/\"},{\"@type\":\"ListItem\",\"position\":3,\"name\":\"Blog\"}]},{\"@type\":\"WebSite\",\"@id\":\"https:\/\/interfilling.com\/de\/#website\",\"url\":\"https:\/\/interfilling.com\/de\/\",\"name\":\"Interfilling\",\"description\":\"Your reliable partner for packaging, filling, and fulfilment.\",\"publisher\":{\"@id\":\"https:\/\/interfilling.com\/de\/#organization\"},\"potentialAction\":[{\"@type\":\"SearchAction\",\"target\":{\"@type\":\"EntryPoint\",\"urlTemplate\":\"https:\/\/interfilling.com\/de\/?s={search_term_string}\"},\"query-input\":{\"@type\":\"PropertyValueSpecification\",\"valueRequired\":true,\"valueName\":\"search_term_string\"}}],\"inLanguage\":\"de\"},{\"@type\":\"Organization\",\"@id\":\"https:\/\/interfilling.com\/de\/#organization\",\"name\":\"Interfilling\",\"url\":\"https:\/\/interfilling.com\/de\/\",\"logo\":{\"@type\":\"ImageObject\",\"inLanguage\":\"de\",\"@id\":\"https:\/\/interfilling.com\/de\/#\/schema\/logo\/image\/\",\"url\":\"https:\/\/interfilling.com\/wp-content\/uploads\/2023\/03\/Interfilling-logo-3.png\",\"contentUrl\":\"https:\/\/interfilling.com\/wp-content\/uploads\/2023\/03\/Interfilling-logo-3.png\",\"width\":2336,\"height\":1090,\"caption\":\"Interfilling\"},\"image\":{\"@id\":\"https:\/\/interfilling.com\/de\/#\/schema\/logo\/image\/\"},\"sameAs\":[\"https:\/\/x.com\/interfilling\",\"https:\/\/www.linkedin.com\/company\/interfilling-b.v.\/\"]}]}<\/script>\n<!-- \/ Yoast SEO plugin. -->","yoast_head_json":{"title":"Blog | Interfilling","description":"St\u00f6bern Sie in unserem Blog und erfahren Sie mehr \u00fcber Verpackung, Abf\u00fcllung, Fulfillment und vieles mehr. Jetzt lesen!","robots":{"index":"index","follow":"follow","max-snippet":"max-snippet:-1","max-image-preview":"max-image-preview:large","max-video-preview":"max-video-preview:-1"},"canonical":"https:\/\/interfilling.com\/de\/ueber-uns\/blog\/","og_locale":"de_DE","og_type":"article","og_title":"Blog | Interfilling","og_description":"St\u00f6bern Sie in unserem Blog und erfahren Sie mehr \u00fcber Verpackung, Abf\u00fcllung, Fulfillment und vieles mehr. Jetzt lesen!","og_url":"https:\/\/interfilling.com\/de\/ueber-uns\/blog\/","og_site_name":"Interfilling","article_modified_time":"2024-07-29T13:48:59+00:00","twitter_card":"summary_large_image","twitter_site":"@interfilling","twitter_misc":{"Gesch\u00e4tzte Lesezeit":"1\u00a0Minute"},"schema":{"@context":"https:\/\/schema.org","@graph":[{"@type":"WebPage","@id":"https:\/\/interfilling.com\/de\/ueber-uns\/blog\/","url":"https:\/\/interfilling.com\/de\/ueber-uns\/blog\/","name":"Blog | Interfilling","isPartOf":{"@id":"https:\/\/interfilling.com\/de\/#website"},"datePublished":"2023-02-17T11:27:31+00:00","dateModified":"2024-07-29T13:48:59+00:00","description":"St\u00f6bern Sie in unserem Blog und erfahren Sie mehr \u00fcber Verpackung, Abf\u00fcllung, Fulfillment und vieles mehr. Jetzt lesen!","breadcrumb":{"@id":"https:\/\/interfilling.com\/de\/ueber-uns\/blog\/#breadcrumb"},"inLanguage":"de","potentialAction":[{"@type":"ReadAction","target":["https:\/\/interfilling.com\/de\/ueber-uns\/blog\/"]}]},{"@type":"BreadcrumbList","@id":"https:\/\/interfilling.com\/de\/ueber-uns\/blog\/#breadcrumb","itemListElement":[{"@type":"ListItem","position":1,"name":"Home","item":"https:\/\/interfilling.com\/de\/"},{"@type":"ListItem","position":2,"name":"\u00dcber uns","item":"https:\/\/interfilling.com\/de\/ueber-uns\/"},{"@type":"ListItem","position":3,"name":"Blog"}]},{"@type":"WebSite","@id":"https:\/\/interfilling.com\/de\/#website","url":"https:\/\/interfilling.com\/de\/","name":"Interfilling","description":"Your reliable partner for packaging, filling, and fulfilment.","publisher":{"@id":"https:\/\/interfilling.com\/de\/#organization"},"potentialAction":[{"@type":"SearchAction","target":{"@type":"EntryPoint","urlTemplate":"https:\/\/interfilling.com\/de\/?s={search_term_string}"},"query-input":{"@type":"PropertyValueSpecification","valueRequired":true,"valueName":"search_term_string"}}],"inLanguage":"de"},{"@type":"Organization","@id":"https:\/\/interfilling.com\/de\/#organization","name":"Interfilling","url":"https:\/\/interfilling.com\/de\/","logo":{"@type":"ImageObject","inLanguage":"de","@id":"https:\/\/interfilling.com\/de\/#\/schema\/logo\/image\/","url":"https:\/\/interfilling.com\/wp-content\/uploads\/2023\/03\/Interfilling-logo-3.png","contentUrl":"https:\/\/interfilling.com\/wp-content\/uploads\/2023\/03\/Interfilling-logo-3.png","width":2336,"height":1090,"caption":"Interfilling"},"image":{"@id":"https:\/\/interfilling.com\/de\/#\/schema\/logo\/image\/"},"sameAs":["https:\/\/x.com\/interfilling","https:\/\/www.linkedin.com\/company\/interfilling-b.v.\/"]}]}},"_links":{"self":[{"href":"https:\/\/interfilling.com\/de\/wp-json\/wp\/v2\/pages\/2808","targetHints":{"allow":["GET"]}}],"collection":[{"href":"https:\/\/interfilling.com\/de\/wp-json\/wp\/v2\/pages"}],"about":[{"href":"https:\/\/interfilling.com\/de\/wp-json\/wp\/v2\/types\/page"}],"author":[{"embeddable":true,"href":"https:\/\/interfilling.com\/de\/wp-json\/wp\/v2\/users\/1"}],"replies":[{"embeddable":true,"href":"https:\/\/interfilling.com\/de\/wp-json\/wp\/v2\/comments?post=2808"}],"version-history":[{"count":0,"href":"https:\/\/interfilling.com\/de\/wp-json\/wp\/v2\/pages\/2808\/revisions"}],"up":[{"embeddable":true,"href":"https:\/\/interfilling.com\/de\/wp-json\/wp\/v2\/pages\/2812"}],"wp:attachment":[{"href":"https:\/\/interfilling.com\/de\/wp-json\/wp\/v2\/media?parent=2808"}],"curies":[{"name":"wp","href":"https:\/\/api.w.org\/{rel}","templated":true}]}}