{"id":2813,"date":"2023-11-16T15:13:56","date_gmt":"2023-11-16T14:13:56","guid":{"rendered":"https:\/\/interfilling.com\/faq\/"},"modified":"2025-01-15T11:50:23","modified_gmt":"2025-01-15T10:50:23","slug":"faq","status":"publish","type":"page","link":"https:\/\/interfilling.com\/de\/faq\/","title":{"rendered":"FAQ"},"content":{"rendered":"<section id=section-block-block_dd710ccf35a68dc7d3dd61aa0709a32b class=\"section faq_block\" itemscope itemtype=\"https:\/\/schema.org\/FAQPage\"><div class=\"container\"><div class=\"block-row blocks-in-row-1\"><div class=\"block faq-block\"><div class=\"inner-wrapper\"><div class=\"title-wrapper\"><h1 class=\"block-title h2\">H\u00e4ufig gestellte Fragen<\/h1><span class=\"block-subtitle\">Wenn Sie mehr wissen m\u00f6chten<\/span><\/div><ul class=\"faq-wrapper\"><li class=\"faq-item\" itemscope itemprop=\"mainEntity\" itemtype=\"https:\/\/schema.org\/Question\"><button class=\"faq-question\" itemprop=\"name\">Welche Produktarten k\u00f6nnen wir f\u00fcr Sie abf\u00fcllen und verpacken?<\/button><div itemscope itemprop=\"acceptedAnswer\" itemtype=\"https:\/\/schema.org\/Answer\" class=\"faq-answer\" aria-expanded=\"false\"><p>Wir haben umfassende Erfahrung im Abf\u00fcllen und Verpacken unterschiedlichster Produktarten, darunter Fl\u00fcssigkeiten, Pulver, Cremes, Gele, Nagellack, \u00d6le und vieles mehr. Unsere Expertise umfasst eine breite Palette von Branchen, darunter Kosmetik, K\u00f6rperpflege, Nagelpflege, Haarpflege, Babypflege, M\u00e4nnerpflege und Sportpflege.<\/p>\n<\/div><\/li><li class=\"faq-item\" itemscope itemprop=\"mainEntity\" itemtype=\"https:\/\/schema.org\/Question\"><button class=\"faq-question\" itemprop=\"name\">Produzieren Sie auch Bulkware?<\/button><div itemscope itemprop=\"acceptedAnswer\" itemtype=\"https:\/\/schema.org\/Answer\" class=\"faq-answer\" aria-expanded=\"false\"><p>Derzeit konzentrieren wir uns vor allem auf die Produktion von Nagelpflegeprodukten in gr\u00f6\u00dferen Mengen.<br \/>\nDar\u00fcber hinaus bieten wir Abf\u00fclldienste f\u00fcr eine Vielzahl von Massenprodukten und f\u00fcr verschiedene Lieferanten an. Sollten Sie noch keinen eigenen Anbieter haben, stehen wir Ihnen mit unserem erfahrenen Partnernetzwerk zur Seite und bieten Ihnen erstklassige L\u00f6sungen an. Z\u00f6gern Sie nicht, uns zu kontaktieren, wenn Sie zus\u00e4tzliche Unterst\u00fctzung ben\u00f6tigen.<br \/>\nFalls Sie \u00fcber eigene Bulkware verf\u00fcgen, k\u00f6nnen Sie Ihre Anfrage ganz einfach \u00fcber unsere Plattform &#8222;Klicken Sie auf Konfigurator&#8220; starten. Ihr zust\u00e4ndiger Kundenbetreuer wird sich dann innerhalb von 24 Stunden um Ihre Anfrage k\u00fcmmern.<\/p>\n<\/div><\/li><li class=\"faq-item\" itemscope itemprop=\"mainEntity\" itemtype=\"https:\/\/schema.org\/Question\"><button class=\"faq-question\" itemprop=\"name\">Wir haben unsere eigene Bulkware und Verpackung. Wir ben\u00f6tigen nur den F\u00fcllservice. Ist das m\u00f6glich?<\/button><div itemscope itemprop=\"acceptedAnswer\" itemtype=\"https:\/\/schema.org\/Answer\" class=\"faq-answer\" aria-expanded=\"false\"><p>Aber selbstverst\u00e4ndlich! Das Kerngesch\u00e4ft von Interfilling liegt in der professionellen Bereitstellung von Abf\u00fclldienstleistungen. Wenn Sie bereits Ihre eigene Bulkware und Verpackungsmaterialien bereitstellen, \u00fcbernehmen wir den Abf\u00fcllprozess gerne nahtlos f\u00fcr Sie. Nachdem Sie Ihre Anfrage auf unsere Plattform &#8222;Klicken Sie auf Konfigurator&#8220; eingereicht haben, f\u00fchrt unser Team Tests mit den bereitgestellten Mustern durch, um einen reibungslosen und effizienten Abf\u00fcllprozess sicherzustellen. Seien Sie beruhigt: Nach erfolgreichem Abschluss der Testphase wird Ihr Auftrag termingerecht fertiggestellt, damit Sie sich ganz auf andere Aspekte Ihres Gesch\u00e4fts konzentrieren k\u00f6nnen. Wir sind stolz darauf, Ihnen erstklassige Abf\u00fclldienstleistungen anzubieten, die speziell auf Ihre individuellen Bed\u00fcrfnisse zugeschnitten sind.<\/p>\n<\/div><\/li><li class=\"faq-item\" itemscope itemprop=\"mainEntity\" itemtype=\"https:\/\/schema.org\/Question\"><button class=\"faq-question\" itemprop=\"name\">Ich liefere meine eigene Bulkware. Kann ich bei Interfilling auch nur das Verpacken in Auftrag geben?<\/button><div itemscope itemprop=\"acceptedAnswer\" itemtype=\"https:\/\/schema.org\/Answer\" class=\"faq-answer\" aria-expanded=\"false\"><p>Aber nat\u00fcrlich! Auf unserer Plattform entdecken Sie eine breite Palette an Verpackungsoptionen, die Sie ganz nach Ihren individuellen Bed\u00fcrfnissen ausw\u00e4hlen k\u00f6nnen. Egal, ob Sie Tiegel, Flaschen, Tuben oder anderes Verpackungsmaterial ben\u00f6tigen \u2013 bei uns finden Sie genau das, was Sie suchen. Dank unseres umfangreichen Lagerbestands k\u00f6nnen wir Ihnen stets verf\u00fcgbare Verpackungen bieten und somit kurze Lieferzeiten gew\u00e4hrleisten. Wir wissen, wie entscheidend p\u00fcnktlicher Service ist. Deshalb k\u00f6nnen Sie sich darauf verlassen, dass wir Ihre Verpackungsw\u00fcnsche schnell und zuverl\u00e4ssig erf\u00fcllen. Besuchen Sie unsere Website, um die vielf\u00e4ltigen Verpackungsoptionen zu entdecken, und z\u00f6gern Sie nicht, uns zu kontaktieren, wenn Sie zus\u00e4tzliche Unterst\u00fctzung ben\u00f6tigen.<\/p>\n<\/div><\/li><li class=\"faq-item\" itemscope itemprop=\"mainEntity\" itemtype=\"https:\/\/schema.org\/Question\"><button class=\"faq-question\" itemprop=\"name\">Wie lange dauert die Vorlaufzeit f\u00fcr den Abf\u00fcllprozess?<\/button><div itemscope itemprop=\"acceptedAnswer\" itemtype=\"https:\/\/schema.org\/Answer\" class=\"faq-answer\" aria-expanded=\"false\"><p>Unser Abf\u00fcllprozess dauert in der Regel 23 Arbeitstage, nachdem alle Artikel in unserem Lager eingetroffen und vollst\u00e4ndig sind. Wir wissen, wie wichtig p\u00fcnktliche Lieferungen sind, und setzen alles daran, Ihre Erwartungen zu erf\u00fcllen. Wir halten Sie stets auf dem Laufenden und informieren Sie regelm\u00e4\u00dfig \u00fcber den Fortschritt. Ihre Zufriedenheit hat f\u00fcr uns h\u00f6chste Priorit\u00e4t, und wir freuen uns darauf, Sie effizient und zuverl\u00e4ssig zu unterst\u00fctzen.<\/p>\n<\/div><\/li><li class=\"faq-item\" itemscope itemprop=\"mainEntity\" itemtype=\"https:\/\/schema.org\/Question\"><button class=\"faq-question\" itemprop=\"name\">Wie lange ist die Lieferzeit f\u00fcr die Verpackung?<\/button><div itemscope itemprop=\"acceptedAnswer\" itemtype=\"https:\/\/schema.org\/Answer\" class=\"faq-answer\" aria-expanded=\"false\"><p>Nachdem Sie Ihre Anfrage auf unserer Plattform eingereicht haben, wird sich unser Kundenbetreuer mit Ihnen in Verbindung setzen und alle Details durchgehen. Nach Best\u00e4tigung Ihrer Bestellung bereiten wir den Versand umgehend vor. Innerhalb Europas betr\u00e4gt die Lieferzeit in der Regel 1 bis 5 Werktage. Bei Lieferungen au\u00dferhalb Europas h\u00e4ngt die Dauer von der Gr\u00f6\u00dfe und den Spezifikationen Ihrer Bestellung ab. F\u00fcr eine genauere Einsch\u00e4tzung der Lieferzeit kontaktieren Sie bitte direkt unser Team.<\/p>\n<\/div><\/li><li class=\"faq-item\" itemscope itemprop=\"mainEntity\" itemtype=\"https:\/\/schema.org\/Question\"><button class=\"faq-question\" itemprop=\"name\">Bieten Sie auch internationalen Versand f\u00fcr Ihre Produkte an?<\/button><div itemscope itemprop=\"acceptedAnswer\" itemtype=\"https:\/\/schema.org\/Answer\" class=\"faq-answer\" aria-expanded=\"false\"><p>Ja, wir versenden Produkte auch weltweit. Wir arbeiten mit vertrauensw\u00fcrdigen Versandpartnern zusammen, um sicherzustellen, dass Ihre Produkte sicher und p\u00fcnktlich an jeden Ort weltweit geliefert werden. Wir \u00fcbernehmen die gesamte Zolldokumentation und stellen sicher, dass alle Vorschriften eingehalten werden, um einen reibungslosen internationalen Versand zu gew\u00e4hrleisten.<\/p>\n<\/div><\/li><li class=\"faq-item\" itemscope itemprop=\"mainEntity\" itemtype=\"https:\/\/schema.org\/Question\"><button class=\"faq-question\" itemprop=\"name\">Wie kann ich ein Angebot anfordern oder weitere Informationen \u00fcber Ihre Dienstleistungen erhalten?<\/button><div itemscope itemprop=\"acceptedAnswer\" itemtype=\"https:\/\/schema.org\/Answer\" class=\"faq-answer\" aria-expanded=\"false\"><p>Fordern Sie ganz einfach ein Angebot an oder erhalten Sie weitere Informationen \u00fcber unsere Dienstleistungen, indem Sie uns \u00fcber die Kontaktseite unserer Website erreichen.<\/p>\n<\/div><\/li><li class=\"faq-item\" itemscope itemprop=\"mainEntity\" itemtype=\"https:\/\/schema.org\/Question\"><button class=\"faq-question\" itemprop=\"name\">Welche Ma\u00dfnahmen zur Sicherstellung der Qualit\u00e4t haben Sie getroffen? <\/button><div itemscope itemprop=\"acceptedAnswer\" itemtype=\"https:\/\/schema.org\/Answer\" class=\"faq-answer\" aria-expanded=\"false\"><p>Qualit\u00e4t hat f\u00fcr uns oberste Priorit\u00e4t. Wir setzen strenge Qualit\u00e4tskontrollverfahren in jeder Phase der Produktion, Verpackung und Lieferung ein. Wir orientieren uns an h\u00f6chsten Industriestandards und Vorschriften, um sicherzustellen, dass Ihre Produkte stets die besten Qualit\u00e4tsanforderungen erf\u00fcllen. Zus\u00e4tzlich sind wir stolz auf unsere Zertifizierungen nach <strong>ISO 22716<\/strong>, die unser Engagement f\u00fcr exzellentes Qualit\u00e4tsmanagement und h\u00f6chste Produktsicherheit best\u00e4tigen.<\/p>\n<\/div><\/li><li class=\"faq-item\" itemscope itemprop=\"mainEntity\" itemtype=\"https:\/\/schema.org\/Question\"><button class=\"faq-question\" itemprop=\"name\">Bieten Sie ma\u00dfgeschneiderte Verpackungsl\u00f6sungen an? <\/button><div itemscope itemprop=\"acceptedAnswer\" itemtype=\"https:\/\/schema.org\/Answer\" class=\"faq-answer\" aria-expanded=\"false\"><p>Selbstverst\u00e4ndlich bieten wir ma\u00dfgeschneiderte Verpackungsl\u00f6sungen an, die wir in enger Zusammenarbeit mit unseren vertrauensw\u00fcrdigen Lieferanten speziell auf Ihre Bed\u00fcrfnisse abstimmen. F\u00fcr diese ma\u00dfgeschneiderte Option gilt eine Mindestbestellmenge von 100.000 St\u00fcck.<\/p>\n<\/div><\/li><li class=\"faq-item\" itemscope itemprop=\"mainEntity\" itemtype=\"https:\/\/schema.org\/Question\"><button class=\"faq-question\" itemprop=\"name\">K\u00f6nnen Sie gro\u00dfe Produktionsauftr\u00e4ge bearbeiten?<\/button><div itemscope itemprop=\"acceptedAnswer\" itemtype=\"https:\/\/schema.org\/Answer\" class=\"faq-answer\" aria-expanded=\"false\"><p>Aber nat\u00fcrlich! Wir verf\u00fcgen \u00fcber die Kapazit\u00e4ten und Ressourcen, um sowohl kleine als auch umfangreiche Produktionsauftr\u00e4ge effizient zu bearbeiten. Egal, ob Sie einige Tausend oder Millionen St\u00fcck ben\u00f6tigen, unsere flexiblen Produktionsm\u00f6glichkeiten erm\u00f6glichen es uns, Ihre Anforderungen effizient zu erf\u00fcllen.<\/p>\n<p>Wenn Sie weitere Fragen haben oder zus\u00e4tzliche Unterst\u00fctzung ben\u00f6tigen, stehen wir Ihnen gerne zur Verf\u00fcgung. Z\u00f6gern Sie nicht, uns zu kontaktieren.<\/p>\n<\/div><\/li><\/ul><div class=\"button-wrapper\"><a  title=\"Kontaktieren Sie uns\" href=\"https:\/\/interfilling.com\/de\/kontakt\/\" class=\"button\" itemscope itemtype=\"http:\/\/schema.org\/WebPage\" itemprop=\"isPartOf\"><meta itemprop=\"significantLink\" content=\"https:\/\/interfilling.com\/de\/kontakt\/\">Kontaktieren Sie uns<\/a><\/div><\/div><\/div><\/div><\/div><\/section>","protected":false},"excerpt":{"rendered":"","protected":false},"author":1,"featured_media":0,"parent":0,"menu_order":500,"comment_status":"closed","ping_status":"closed","template":"","meta":{"_acf_changed":false,"footnotes":""},"class_list":["post-2813","page","type-page","status-publish","hentry"],"acf":[],"yoast_head":"<!-- This site is optimized with the Yoast SEO plugin v27.1.1 - https:\/\/yoast.com\/product\/yoast-seo-wordpress\/ -->\n<title>FAQ | Interfilling<\/title>\n<meta name=\"description\" content=\"Hier finden Sie die Antworten auf h\u00e4ufige Fragen (FAQ) zu den Themen Abf\u00fcllung, Verpackung und Fulfillment. Wir helfen Ihnen gerne weiter!\" \/>\n<meta name=\"robots\" content=\"index, follow, max-snippet:-1, max-image-preview:large, max-video-preview:-1\" \/>\n<link rel=\"canonical\" href=\"https:\/\/interfilling.com\/de\/faq\/\" \/>\n<meta property=\"og:locale\" content=\"de_DE\" \/>\n<meta property=\"og:type\" content=\"article\" \/>\n<meta property=\"og:title\" content=\"FAQ | Interfilling\" \/>\n<meta property=\"og:description\" content=\"Hier finden Sie die Antworten auf h\u00e4ufige Fragen (FAQ) zu den Themen Abf\u00fcllung, Verpackung und Fulfillment. Wir helfen Ihnen gerne weiter!\" \/>\n<meta property=\"og:url\" content=\"https:\/\/interfilling.com\/de\/faq\/\" \/>\n<meta property=\"og:site_name\" content=\"Interfilling\" \/>\n<meta property=\"article:modified_time\" content=\"2025-01-15T10:50:23+00:00\" \/>\n<meta name=\"twitter:card\" content=\"summary_large_image\" \/>\n<meta name=\"twitter:site\" content=\"@interfilling\" \/>\n<meta name=\"twitter:label1\" content=\"Gesch\u00e4tzte Lesezeit\" \/>\n\t<meta name=\"twitter:data1\" content=\"4\u00a0Minuten\" \/>\n<script type=\"application\/ld+json\" class=\"yoast-schema-graph\">{\"@context\":\"https:\/\/schema.org\",\"@graph\":[{\"@type\":\"WebPage\",\"@id\":\"https:\/\/interfilling.com\/de\/faq\/\",\"url\":\"https:\/\/interfilling.com\/de\/faq\/\",\"name\":\"FAQ | Interfilling\",\"isPartOf\":{\"@id\":\"https:\/\/interfilling.com\/de\/#website\"},\"datePublished\":\"2023-11-16T14:13:56+00:00\",\"dateModified\":\"2025-01-15T10:50:23+00:00\",\"description\":\"Hier finden Sie die Antworten auf h\u00e4ufige Fragen (FAQ) zu den Themen Abf\u00fcllung, Verpackung und Fulfillment. Wir helfen Ihnen gerne weiter!\",\"breadcrumb\":{\"@id\":\"https:\/\/interfilling.com\/de\/faq\/#breadcrumb\"},\"inLanguage\":\"de\",\"potentialAction\":[{\"@type\":\"ReadAction\",\"target\":[\"https:\/\/interfilling.com\/de\/faq\/\"]}]},{\"@type\":\"BreadcrumbList\",\"@id\":\"https:\/\/interfilling.com\/de\/faq\/#breadcrumb\",\"itemListElement\":[{\"@type\":\"ListItem\",\"position\":1,\"name\":\"Home\",\"item\":\"https:\/\/interfilling.com\/de\/\"},{\"@type\":\"ListItem\",\"position\":2,\"name\":\"FAQ\"}]},{\"@type\":\"WebSite\",\"@id\":\"https:\/\/interfilling.com\/de\/#website\",\"url\":\"https:\/\/interfilling.com\/de\/\",\"name\":\"Interfilling\",\"description\":\"Your reliable partner for packaging, filling, and fulfilment.\",\"publisher\":{\"@id\":\"https:\/\/interfilling.com\/de\/#organization\"},\"potentialAction\":[{\"@type\":\"SearchAction\",\"target\":{\"@type\":\"EntryPoint\",\"urlTemplate\":\"https:\/\/interfilling.com\/de\/?s={search_term_string}\"},\"query-input\":{\"@type\":\"PropertyValueSpecification\",\"valueRequired\":true,\"valueName\":\"search_term_string\"}}],\"inLanguage\":\"de\"},{\"@type\":\"Organization\",\"@id\":\"https:\/\/interfilling.com\/de\/#organization\",\"name\":\"Interfilling\",\"url\":\"https:\/\/interfilling.com\/de\/\",\"logo\":{\"@type\":\"ImageObject\",\"inLanguage\":\"de\",\"@id\":\"https:\/\/interfilling.com\/de\/#\/schema\/logo\/image\/\",\"url\":\"https:\/\/interfilling.com\/wp-content\/uploads\/2023\/03\/Interfilling-logo-3.png\",\"contentUrl\":\"https:\/\/interfilling.com\/wp-content\/uploads\/2023\/03\/Interfilling-logo-3.png\",\"width\":2336,\"height\":1090,\"caption\":\"Interfilling\"},\"image\":{\"@id\":\"https:\/\/interfilling.com\/de\/#\/schema\/logo\/image\/\"},\"sameAs\":[\"https:\/\/x.com\/interfilling\",\"https:\/\/www.linkedin.com\/company\/interfilling-b.v.\/\"]}]}<\/script>\n<!-- \/ Yoast SEO plugin. -->","yoast_head_json":{"title":"FAQ | Interfilling","description":"Hier finden Sie die Antworten auf h\u00e4ufige Fragen (FAQ) zu den Themen Abf\u00fcllung, Verpackung und Fulfillment. Wir helfen Ihnen gerne weiter!","robots":{"index":"index","follow":"follow","max-snippet":"max-snippet:-1","max-image-preview":"max-image-preview:large","max-video-preview":"max-video-preview:-1"},"canonical":"https:\/\/interfilling.com\/de\/faq\/","og_locale":"de_DE","og_type":"article","og_title":"FAQ | Interfilling","og_description":"Hier finden Sie die Antworten auf h\u00e4ufige Fragen (FAQ) zu den Themen Abf\u00fcllung, Verpackung und Fulfillment. Wir helfen Ihnen gerne weiter!","og_url":"https:\/\/interfilling.com\/de\/faq\/","og_site_name":"Interfilling","article_modified_time":"2025-01-15T10:50:23+00:00","twitter_card":"summary_large_image","twitter_site":"@interfilling","twitter_misc":{"Gesch\u00e4tzte Lesezeit":"4\u00a0Minuten"},"schema":{"@context":"https:\/\/schema.org","@graph":[{"@type":"WebPage","@id":"https:\/\/interfilling.com\/de\/faq\/","url":"https:\/\/interfilling.com\/de\/faq\/","name":"FAQ | Interfilling","isPartOf":{"@id":"https:\/\/interfilling.com\/de\/#website"},"datePublished":"2023-11-16T14:13:56+00:00","dateModified":"2025-01-15T10:50:23+00:00","description":"Hier finden Sie die Antworten auf h\u00e4ufige Fragen (FAQ) zu den Themen Abf\u00fcllung, Verpackung und Fulfillment. Wir helfen Ihnen gerne weiter!","breadcrumb":{"@id":"https:\/\/interfilling.com\/de\/faq\/#breadcrumb"},"inLanguage":"de","potentialAction":[{"@type":"ReadAction","target":["https:\/\/interfilling.com\/de\/faq\/"]}]},{"@type":"BreadcrumbList","@id":"https:\/\/interfilling.com\/de\/faq\/#breadcrumb","itemListElement":[{"@type":"ListItem","position":1,"name":"Home","item":"https:\/\/interfilling.com\/de\/"},{"@type":"ListItem","position":2,"name":"FAQ"}]},{"@type":"WebSite","@id":"https:\/\/interfilling.com\/de\/#website","url":"https:\/\/interfilling.com\/de\/","name":"Interfilling","description":"Your reliable partner for packaging, filling, and fulfilment.","publisher":{"@id":"https:\/\/interfilling.com\/de\/#organization"},"potentialAction":[{"@type":"SearchAction","target":{"@type":"EntryPoint","urlTemplate":"https:\/\/interfilling.com\/de\/?s={search_term_string}"},"query-input":{"@type":"PropertyValueSpecification","valueRequired":true,"valueName":"search_term_string"}}],"inLanguage":"de"},{"@type":"Organization","@id":"https:\/\/interfilling.com\/de\/#organization","name":"Interfilling","url":"https:\/\/interfilling.com\/de\/","logo":{"@type":"ImageObject","inLanguage":"de","@id":"https:\/\/interfilling.com\/de\/#\/schema\/logo\/image\/","url":"https:\/\/interfilling.com\/wp-content\/uploads\/2023\/03\/Interfilling-logo-3.png","contentUrl":"https:\/\/interfilling.com\/wp-content\/uploads\/2023\/03\/Interfilling-logo-3.png","width":2336,"height":1090,"caption":"Interfilling"},"image":{"@id":"https:\/\/interfilling.com\/de\/#\/schema\/logo\/image\/"},"sameAs":["https:\/\/x.com\/interfilling","https:\/\/www.linkedin.com\/company\/interfilling-b.v.\/"]}]}},"_links":{"self":[{"href":"https:\/\/interfilling.com\/de\/wp-json\/wp\/v2\/pages\/2813","targetHints":{"allow":["GET"]}}],"collection":[{"href":"https:\/\/interfilling.com\/de\/wp-json\/wp\/v2\/pages"}],"about":[{"href":"https:\/\/interfilling.com\/de\/wp-json\/wp\/v2\/types\/page"}],"author":[{"embeddable":true,"href":"https:\/\/interfilling.com\/de\/wp-json\/wp\/v2\/users\/1"}],"replies":[{"embeddable":true,"href":"https:\/\/interfilling.com\/de\/wp-json\/wp\/v2\/comments?post=2813"}],"version-history":[{"count":0,"href":"https:\/\/interfilling.com\/de\/wp-json\/wp\/v2\/pages\/2813\/revisions"}],"wp:attachment":[{"href":"https:\/\/interfilling.com\/de\/wp-json\/wp\/v2\/media?parent=2813"}],"curies":[{"name":"wp","href":"https:\/\/api.w.org\/{rel}","templated":true}]}}