{"id":2872,"date":"2023-02-17T12:24:41","date_gmt":"2023-02-17T11:24:41","guid":{"rendered":"https:\/\/interfilling.com\/branchen\/"},"modified":"2025-01-03T13:10:51","modified_gmt":"2025-01-03T12:10:51","slug":"branchen","status":"publish","type":"page","link":"https:\/\/interfilling.com\/de\/branchen\/","title":{"rendered":"Branchen"},"content":{"rendered":"<section id=section-block-block_15357a85d04217c6c3e714d210043aa5 class=\"section card_block_repeater\" itemscope itemtype=\"http:\/\/schema.org\/WebPageElement\" itemprop=\"hasPart\"><div class=\"container\"><div class=\"block-row blocks-in-row-1\"><div class=\"block card-block-repeater\"><div class=\"top-wrapper\"><div class=\"title-wrapper\"><h1 class=\"block-title h2\">Unsere Branchen<\/h1><span class=\"block-subtitle\">Bringen Sie Ihre Produkte auf ein neues Level<\/span><\/div><\/div><div class=\"inner-wrapper\"><a class=\"link card-item  landscape\"  title=\"Nagelpflege\" href=\"https:\/\/interfilling.com\/de\/branchen\/nagelpflege\/\" itemscope itemtype=\"http:\/\/schema.org\/WebPage\" itemprop=\"isPartOf\" ><meta itemprop=\"significantLink\" content=\"https:\/\/interfilling.com\/de\/branchen\/nagelpflege\/\"><figure itemscope itemtype=\"http:\/\/schema.org\/ImageObject\" itemprop=\"isPartOf\" class=\"img-wrapper\"><img decoding=\"async\" title=\"nailcare\" alt=\"\" src=\"https:\/\/interfilling.com\/wp-content\/uploads\/2023\/03\/nailcare-600x400.jpg\"\/><meta itemprop=\"name\" content=\"nailcare\"><meta itemprop=\"image\" content=\"https:\/\/interfilling.com\/wp-content\/uploads\/2023\/03\/nailcare-600x400.jpg\"><\/figure><div class=\"content-wrapper\"><h2 class=\"title-part\">Nagelpflege<\/h2><p class=\"text-part\">Suchen Sie spezialisierte Verpackungs-, Abf\u00fcll- und Konfektionsdienstleistungen f\u00fcr die Nagelpflegeindustrie? Unsere hochmodernen Anlagen und unser erfahrenes Team garantieren Ihnen au\u00dfergew\u00f6hnlichen Service. Fordern Sie ein Angebot an.<\/p><\/div><\/a><a class=\"link card-item  landscape\"  title=\"Haarpflege\" href=\"https:\/\/interfilling.com\/de\/branchen\/haarpflege\/\" itemscope itemtype=\"http:\/\/schema.org\/WebPage\" itemprop=\"isPartOf\" ><meta itemprop=\"significantLink\" content=\"https:\/\/interfilling.com\/de\/branchen\/haarpflege\/\"><figure itemscope itemtype=\"http:\/\/schema.org\/ImageObject\" itemprop=\"isPartOf\" class=\"img-wrapper\"><meta itemprop=\"description\" content=\"Packaging cosmetics &#038; personal care &#038; home care\"><img decoding=\"async\" title=\"09\" alt=\"Packaging cosmetics &#038; personal care &#038; home care\" src=\"https:\/\/interfilling.com\/wp-content\/uploads\/2024\/02\/09-1200x800.jpg\"\/><meta itemprop=\"name\" content=\"09\"><meta itemprop=\"image\" content=\"https:\/\/interfilling.com\/wp-content\/uploads\/2024\/02\/09-1200x800.jpg\"><\/figure><div class=\"content-wrapper\"><h2 class=\"title-part\">Haarpflege<\/h2><p class=\"text-part\">Von der pr\u00e4zisen Abf\u00fcllung \u00fcber die nahtlose Konfektionierung bis hin zur sorgf\u00e4ltigen Verpackung stellen wir sicher, dass Ihre Haarpflegeprodukte schnell und exakt zu Ihren Kunden gelangen. Optimieren Sie Ihre Produktion mit unserem Engagement f\u00fcr Qualit\u00e4t und Zuverl\u00e4ssigkeit.<\/p><\/div><\/a><a class=\"link card-item  landscape\"  title=\"Raumpflege\" href=\"https:\/\/interfilling.com\/de\/branchen\/raumpflege\/\" itemscope itemtype=\"http:\/\/schema.org\/WebPage\" itemprop=\"isPartOf\" ><meta itemprop=\"significantLink\" content=\"https:\/\/interfilling.com\/de\/branchen\/raumpflege\/\"><figure itemscope itemtype=\"http:\/\/schema.org\/ImageObject\" itemprop=\"isPartOf\" class=\"img-wrapper\"><meta itemprop=\"description\" content=\"Reed Diffuser Packaging\"><img decoding=\"async\" title=\"Reed,Diffuser,And,Sea,Shells,On,Table,In,Room\" alt=\"Reed Diffuser Packaging\" src=\"https:\/\/interfilling.com\/wp-content\/uploads\/2024\/07\/shutterstock_2010969881-1200x800.jpg\"\/><meta itemprop=\"name\" content=\"Reed,Diffuser,And,Sea,Shells,On,Table,In,Room\"><meta itemprop=\"image\" content=\"https:\/\/interfilling.com\/wp-content\/uploads\/2024\/07\/shutterstock_2010969881-1200x800.jpg\"><\/figure><div class=\"content-wrapper\"><h2 class=\"title-part\">Raumpflege<\/h2><p class=\"text-part\">Entdecken Sie unsere umfassenden Verpackungs- und Abf\u00fclldienstleistungen f\u00fcr Raumpflegeprodukte, die Ihren Produktionsprozess optimieren und Ihre Marke aufwerten. Interfilling bietet eine exklusive Auswahl an Eigenmarken f\u00fcr die Raumpflege, darunter Duftst\u00e4bchen aus Schilf und Raumsprays.<\/p><\/div><\/a><a class=\"link card-item  landscape\"  title=\"Kosmetik- und K\u00f6rperpflegeprodukte\" href=\"https:\/\/interfilling.com\/de\/branchen\/kosmetika-koerperpflege\/\" itemscope itemtype=\"http:\/\/schema.org\/WebPage\" itemprop=\"isPartOf\" ><meta itemprop=\"significantLink\" content=\"https:\/\/interfilling.com\/de\/branchen\/kosmetika-koerperpflege\/\"><figure itemscope itemtype=\"http:\/\/schema.org\/ImageObject\" itemprop=\"isPartOf\" class=\"img-wrapper\"><img decoding=\"async\" title=\"13\" alt=\"\" src=\"https:\/\/interfilling.com\/wp-content\/uploads\/2023\/03\/13-600x400.jpg\"\/><meta itemprop=\"name\" content=\"13\"><meta itemprop=\"image\" content=\"https:\/\/interfilling.com\/wp-content\/uploads\/2023\/03\/13-600x400.jpg\"><\/figure><div class=\"content-wrapper\"><h2 class=\"title-part\">Kosmetik- und K\u00f6rperpflegeprodukte<\/h2><p class=\"text-part\">Suchen Sie einen Partner, der Sie beim Abf\u00fcllen, Verpacken und Konfektionieren Ihrer Kosmetik- oder K\u00f6rperpflegeprodukte unterst\u00fctzt? Dann sind Sie bei uns genau richtig! Fordern Sie ein kostenloses Angebot \u00fcber unsere Plattform an.<\/p><\/div><\/a><\/div><\/div><\/div><\/div><\/section>\n\n<section id=section-block-block_18c98903679deaf84e640b62b74a4a28 class=\"section cta_with_button_block\" itemscope itemtype=\"http:\/\/schema.org\/WebPageElement\" itemprop=\"isPartOf\"><div class=\"container\"><div class=\"background-underlay\"><\/div><div class=\"block-row blocks-in-row-1\"><div class=\"block cta-with-button-block\"><div class=\"inner-wrapper\"><div class=\"title-wrapper\"><h3 class=\"block-title h2\">Nutzen Sie unseren benutzerfreundlichen Konfigurator, um schnell ein Angebot zu erhalten.<\/h3><\/div><div class=\"thumb-side\"><figure itemscope itemtype=\"http:\/\/schema.org\/ImageObject\" itemprop=\"isPartOf\" class=\"img-wrapper\"><img decoding=\"async\" title=\"cta-screens\" alt=\"\" src=\"https:\/\/interfilling.com\/wp-content\/uploads\/2023\/02\/cta-screens.png\"\/><meta itemprop=\"name\" content=\"cta-screens\"><meta itemprop=\"image\" content=\"https:\/\/interfilling.com\/wp-content\/uploads\/2023\/02\/cta-screens.png\"><\/figure><\/div><div class=\"button-wrapper\"><a  title=\"Gew\u00fcnschte Dienstleistungen konfigurieren\" href=\"https:\/\/theplatform.interfilling.com\/en\/\" class=\"button set\" itemscope itemtype=\"http:\/\/schema.org\/WebPage\" itemprop=\"isPartOf\"><meta itemprop=\"significantLink\" content=\"https:\/\/theplatform.interfilling.com\/en\/\">Gew\u00fcnschte Dienstleistungen konfigurieren<\/a><a  title=\"Kontaktieren Sie uns\" href=\"https:\/\/interfilling.com\/contact\/\" class=\"button\" itemscope itemtype=\"http:\/\/schema.org\/WebPage\" itemprop=\"isPartOf\"><meta itemprop=\"significantLink\" content=\"https:\/\/interfilling.com\/contact\/\">Kontaktieren Sie uns<\/a><\/div><\/div><\/div><\/div><\/section>","protected":false},"excerpt":{"rendered":"","protected":false},"author":1,"featured_media":2874,"parent":0,"menu_order":30,"comment_status":"closed","ping_status":"closed","template":"","meta":{"_acf_changed":false,"footnotes":""},"class_list":["post-2872","page","type-page","status-publish","has-post-thumbnail","hentry"],"acf":[],"yoast_head":"<!-- This site is optimized with the Yoast SEO plugin v27.1.1 - https:\/\/yoast.com\/product\/yoast-seo-wordpress\/ -->\n<title>Branchen | Interfilling<\/title>\n<meta name=\"description\" content=\"Interfilling ist Ihr Spezialist f\u00fcr Abf\u00fcll-, Verpackungs- und Konfektionierungsprozesse in diversen Branchen.\" \/>\n<meta name=\"robots\" content=\"index, follow, max-snippet:-1, max-image-preview:large, max-video-preview:-1\" \/>\n<link rel=\"canonical\" href=\"https:\/\/interfilling.com\/de\/branchen\/\" \/>\n<meta property=\"og:locale\" content=\"de_DE\" \/>\n<meta property=\"og:type\" content=\"article\" \/>\n<meta property=\"og:title\" content=\"Branchen | Interfilling\" \/>\n<meta property=\"og:description\" content=\"Interfilling ist Ihr Spezialist f\u00fcr Abf\u00fcll-, Verpackungs- und Konfektionierungsprozesse in diversen Branchen.\" \/>\n<meta property=\"og:url\" content=\"https:\/\/interfilling.com\/de\/branchen\/\" \/>\n<meta property=\"og:site_name\" content=\"Interfilling\" \/>\n<meta property=\"article:modified_time\" content=\"2025-01-03T12:10:51+00:00\" \/>\n<meta property=\"og:image\" content=\"https:\/\/interfilling.com\/wp-content\/uploads\/2023\/03\/Artworks.jpg\" \/>\n\t<meta property=\"og:image:width\" content=\"1920\" \/>\n\t<meta property=\"og:image:height\" content=\"1077\" \/>\n\t<meta property=\"og:image:type\" content=\"image\/jpeg\" \/>\n<meta name=\"twitter:card\" content=\"summary_large_image\" \/>\n<meta name=\"twitter:site\" content=\"@interfilling\" \/>\n<meta name=\"twitter:label1\" content=\"Gesch\u00e4tzte Lesezeit\" \/>\n\t<meta name=\"twitter:data1\" content=\"2\u00a0Minuten\" \/>\n<script type=\"application\/ld+json\" class=\"yoast-schema-graph\">{\"@context\":\"https:\/\/schema.org\",\"@graph\":[{\"@type\":\"WebPage\",\"@id\":\"https:\/\/interfilling.com\/de\/branchen\/\",\"url\":\"https:\/\/interfilling.com\/de\/branchen\/\",\"name\":\"Branchen | Interfilling\",\"isPartOf\":{\"@id\":\"https:\/\/interfilling.com\/de\/#website\"},\"primaryImageOfPage\":{\"@id\":\"https:\/\/interfilling.com\/de\/branchen\/#primaryimage\"},\"image\":{\"@id\":\"https:\/\/interfilling.com\/de\/branchen\/#primaryimage\"},\"thumbnailUrl\":\"https:\/\/interfilling.com\/wp-content\/uploads\/2023\/03\/Artworks.jpg\",\"datePublished\":\"2023-02-17T11:24:41+00:00\",\"dateModified\":\"2025-01-03T12:10:51+00:00\",\"description\":\"Interfilling ist Ihr Spezialist f\u00fcr Abf\u00fcll-, Verpackungs- und Konfektionierungsprozesse in diversen Branchen.\",\"breadcrumb\":{\"@id\":\"https:\/\/interfilling.com\/de\/branchen\/#breadcrumb\"},\"inLanguage\":\"de\",\"potentialAction\":[{\"@type\":\"ReadAction\",\"target\":[\"https:\/\/interfilling.com\/de\/branchen\/\"]}]},{\"@type\":\"ImageObject\",\"inLanguage\":\"de\",\"@id\":\"https:\/\/interfilling.com\/de\/branchen\/#primaryimage\",\"url\":\"https:\/\/interfilling.com\/wp-content\/uploads\/2023\/03\/Artworks.jpg\",\"contentUrl\":\"https:\/\/interfilling.com\/wp-content\/uploads\/2023\/03\/Artworks.jpg\",\"width\":1920,\"height\":1077},{\"@type\":\"BreadcrumbList\",\"@id\":\"https:\/\/interfilling.com\/de\/branchen\/#breadcrumb\",\"itemListElement\":[{\"@type\":\"ListItem\",\"position\":1,\"name\":\"Home\",\"item\":\"https:\/\/interfilling.com\/de\/\"},{\"@type\":\"ListItem\",\"position\":2,\"name\":\"Branchen\"}]},{\"@type\":\"WebSite\",\"@id\":\"https:\/\/interfilling.com\/de\/#website\",\"url\":\"https:\/\/interfilling.com\/de\/\",\"name\":\"Interfilling\",\"description\":\"Your reliable partner for packaging, filling, and fulfilment.\",\"publisher\":{\"@id\":\"https:\/\/interfilling.com\/de\/#organization\"},\"potentialAction\":[{\"@type\":\"SearchAction\",\"target\":{\"@type\":\"EntryPoint\",\"urlTemplate\":\"https:\/\/interfilling.com\/de\/?s={search_term_string}\"},\"query-input\":{\"@type\":\"PropertyValueSpecification\",\"valueRequired\":true,\"valueName\":\"search_term_string\"}}],\"inLanguage\":\"de\"},{\"@type\":\"Organization\",\"@id\":\"https:\/\/interfilling.com\/de\/#organization\",\"name\":\"Interfilling\",\"url\":\"https:\/\/interfilling.com\/de\/\",\"logo\":{\"@type\":\"ImageObject\",\"inLanguage\":\"de\",\"@id\":\"https:\/\/interfilling.com\/de\/#\/schema\/logo\/image\/\",\"url\":\"https:\/\/interfilling.com\/wp-content\/uploads\/2023\/03\/Interfilling-logo-3.png\",\"contentUrl\":\"https:\/\/interfilling.com\/wp-content\/uploads\/2023\/03\/Interfilling-logo-3.png\",\"width\":2336,\"height\":1090,\"caption\":\"Interfilling\"},\"image\":{\"@id\":\"https:\/\/interfilling.com\/de\/#\/schema\/logo\/image\/\"},\"sameAs\":[\"https:\/\/x.com\/interfilling\",\"https:\/\/www.linkedin.com\/company\/interfilling-b.v.\/\"]}]}<\/script>\n<!-- \/ Yoast SEO plugin. -->","yoast_head_json":{"title":"Branchen | Interfilling","description":"Interfilling ist Ihr Spezialist f\u00fcr Abf\u00fcll-, Verpackungs- und Konfektionierungsprozesse in diversen Branchen.","robots":{"index":"index","follow":"follow","max-snippet":"max-snippet:-1","max-image-preview":"max-image-preview:large","max-video-preview":"max-video-preview:-1"},"canonical":"https:\/\/interfilling.com\/de\/branchen\/","og_locale":"de_DE","og_type":"article","og_title":"Branchen | Interfilling","og_description":"Interfilling ist Ihr Spezialist f\u00fcr Abf\u00fcll-, Verpackungs- und Konfektionierungsprozesse in diversen Branchen.","og_url":"https:\/\/interfilling.com\/de\/branchen\/","og_site_name":"Interfilling","article_modified_time":"2025-01-03T12:10:51+00:00","og_image":[{"width":1920,"height":1077,"url":"https:\/\/interfilling.com\/wp-content\/uploads\/2023\/03\/Artworks.jpg","type":"image\/jpeg"}],"twitter_card":"summary_large_image","twitter_site":"@interfilling","twitter_misc":{"Gesch\u00e4tzte Lesezeit":"2\u00a0Minuten"},"schema":{"@context":"https:\/\/schema.org","@graph":[{"@type":"WebPage","@id":"https:\/\/interfilling.com\/de\/branchen\/","url":"https:\/\/interfilling.com\/de\/branchen\/","name":"Branchen | Interfilling","isPartOf":{"@id":"https:\/\/interfilling.com\/de\/#website"},"primaryImageOfPage":{"@id":"https:\/\/interfilling.com\/de\/branchen\/#primaryimage"},"image":{"@id":"https:\/\/interfilling.com\/de\/branchen\/#primaryimage"},"thumbnailUrl":"https:\/\/interfilling.com\/wp-content\/uploads\/2023\/03\/Artworks.jpg","datePublished":"2023-02-17T11:24:41+00:00","dateModified":"2025-01-03T12:10:51+00:00","description":"Interfilling ist Ihr Spezialist f\u00fcr Abf\u00fcll-, Verpackungs- und Konfektionierungsprozesse in diversen Branchen.","breadcrumb":{"@id":"https:\/\/interfilling.com\/de\/branchen\/#breadcrumb"},"inLanguage":"de","potentialAction":[{"@type":"ReadAction","target":["https:\/\/interfilling.com\/de\/branchen\/"]}]},{"@type":"ImageObject","inLanguage":"de","@id":"https:\/\/interfilling.com\/de\/branchen\/#primaryimage","url":"https:\/\/interfilling.com\/wp-content\/uploads\/2023\/03\/Artworks.jpg","contentUrl":"https:\/\/interfilling.com\/wp-content\/uploads\/2023\/03\/Artworks.jpg","width":1920,"height":1077},{"@type":"BreadcrumbList","@id":"https:\/\/interfilling.com\/de\/branchen\/#breadcrumb","itemListElement":[{"@type":"ListItem","position":1,"name":"Home","item":"https:\/\/interfilling.com\/de\/"},{"@type":"ListItem","position":2,"name":"Branchen"}]},{"@type":"WebSite","@id":"https:\/\/interfilling.com\/de\/#website","url":"https:\/\/interfilling.com\/de\/","name":"Interfilling","description":"Your reliable partner for packaging, filling, and fulfilment.","publisher":{"@id":"https:\/\/interfilling.com\/de\/#organization"},"potentialAction":[{"@type":"SearchAction","target":{"@type":"EntryPoint","urlTemplate":"https:\/\/interfilling.com\/de\/?s={search_term_string}"},"query-input":{"@type":"PropertyValueSpecification","valueRequired":true,"valueName":"search_term_string"}}],"inLanguage":"de"},{"@type":"Organization","@id":"https:\/\/interfilling.com\/de\/#organization","name":"Interfilling","url":"https:\/\/interfilling.com\/de\/","logo":{"@type":"ImageObject","inLanguage":"de","@id":"https:\/\/interfilling.com\/de\/#\/schema\/logo\/image\/","url":"https:\/\/interfilling.com\/wp-content\/uploads\/2023\/03\/Interfilling-logo-3.png","contentUrl":"https:\/\/interfilling.com\/wp-content\/uploads\/2023\/03\/Interfilling-logo-3.png","width":2336,"height":1090,"caption":"Interfilling"},"image":{"@id":"https:\/\/interfilling.com\/de\/#\/schema\/logo\/image\/"},"sameAs":["https:\/\/x.com\/interfilling","https:\/\/www.linkedin.com\/company\/interfilling-b.v.\/"]}]}},"_links":{"self":[{"href":"https:\/\/interfilling.com\/de\/wp-json\/wp\/v2\/pages\/2872","targetHints":{"allow":["GET"]}}],"collection":[{"href":"https:\/\/interfilling.com\/de\/wp-json\/wp\/v2\/pages"}],"about":[{"href":"https:\/\/interfilling.com\/de\/wp-json\/wp\/v2\/types\/page"}],"author":[{"embeddable":true,"href":"https:\/\/interfilling.com\/de\/wp-json\/wp\/v2\/users\/1"}],"replies":[{"embeddable":true,"href":"https:\/\/interfilling.com\/de\/wp-json\/wp\/v2\/comments?post=2872"}],"version-history":[{"count":0,"href":"https:\/\/interfilling.com\/de\/wp-json\/wp\/v2\/pages\/2872\/revisions"}],"wp:featuredmedia":[{"embeddable":true,"href":"https:\/\/interfilling.com\/de\/wp-json\/wp\/v2\/media\/2874"}],"wp:attachment":[{"href":"https:\/\/interfilling.com\/de\/wp-json\/wp\/v2\/media?parent=2872"}],"curies":[{"name":"wp","href":"https:\/\/api.w.org\/{rel}","templated":true}]}}