{"id":2909,"date":"2023-02-17T12:23:59","date_gmt":"2023-02-17T11:23:59","guid":{"rendered":"https:\/\/interfilling.com\/zusammenbau\/"},"modified":"2024-12-16T12:46:29","modified_gmt":"2024-12-16T11:46:29","slug":"konfektionierung","status":"publish","type":"page","link":"https:\/\/interfilling.com\/de\/dienstleistungen\/konfektionierung\/","title":{"rendered":"Konfektionierung"},"content":{"rendered":"<section id=section-block-block_e7bc98df72bd17987d88c424b43bec75 class=\"section content_with_handpicked_collection_block\" itemscope itemtype=\"http:\/\/schema.org\/WebPageElement\" itemprop=\"hasPart\"><div class=\"container\"><div class=\"block-row blocks-in-row-2\"><div class=\"block content-block\" itemscope itemtype=\"http:\/\/schema.org\/WebPageElement\" itemprop=\"isPartOf\"><div class=\"inner-wrapper\"><div class=\"title-wrapper\"><h2 class=\"block-title h2\">Konfektionierung mit Interfilling<\/h2><span class=\"block-subtitle\">Bringen Sie Ihre Produkte auf ein neues Level<\/span><\/div><div itemprop=\"text\" class=\"content-wrapper\"><p>Suchen Sie nach einem zuverl\u00e4ssigen Partner f\u00fcr Co-Packing? Dann sind Sie bei uns genau richtig. Wir bieten eine umfassende Palette an Konfektionierungsdienstleistungen, die ganz auf Ihre individuellen Bed\u00fcrfnisse zugeschnitten sind. Egal, ob es um das Falten von Schachteln, das Versiegeln, das Etikettieren oder das Hinzuf\u00fcgen von Brosch\u00fcren geht \u2013 wir gew\u00e4hrleisten, dass Ihre Produkte stets effizient und sicher versendet werden. Unser erfahrener Konfektionierungs- und Verpackungsservice ist darauf ausgerichtet, Ihre Gesch\u00e4ftsprozesse zu optimieren und zu verbessern. Dank modernster Technologie und erfahrener Mitarbeiterinnen und Mitarbeiter optimieren wir den Konfektionierungs- und Fulfillment-Prozess, minimieren Fehler und reduzieren Verz\u00f6gerungen. So sparen Sie Zeit und Geld und verbessern gleichzeitig das gesamte Kundenerlebnis.<\/p>\n<\/div><\/div><\/div><div class=\"block collection-overview-block\"><\/div><\/div><\/div><\/section>\n\n<section id=section-block-block_cbeddae88d04ec9738cfc0e5e91eaa52 class=\"section steps-block\" itemscope itemtype=\"https:\/\/schema.org\/FAQPage\"><div class=\"container\"><div class=\"block-row blocks-in-row-1\"><div class=\"inner-wrapper\"><div class=\"title-wrapper\"><h2 class=\"block-title h2\">Wir bieten Konfektionierungsdienstleistungen f\u00fcr:<\/h2><\/div><\/div><div class=\"block steps-block\"><div class=\"animation-side\"><div class=\"sticky-wrapper first\"><figure itemscope itemtype=\"http:\/\/schema.org\/ImageObject\" itemprop=\"isPartOf\" class=\"img-wrapper\"><img decoding=\"async\" title=\"Artworks\" alt=\"\" src=\"https:\/\/interfilling.com\/wp-content\/uploads\/2023\/03\/Artworks-600x400.jpg\"\/><meta itemprop=\"name\" content=\"Artworks\"><meta itemprop=\"image\" content=\"https:\/\/interfilling.com\/wp-content\/uploads\/2023\/03\/Artworks-600x400.jpg\"><\/figure><figure itemscope itemtype=\"http:\/\/schema.org\/ImageObject\" itemprop=\"isPartOf\" class=\"img-wrapper\"><img decoding=\"async\" title=\"Pack-and-repacking\" alt=\"\" src=\"https:\/\/interfilling.com\/wp-content\/uploads\/2023\/03\/Pack-and-repacking-600x400.jpg\"\/><meta itemprop=\"name\" content=\"Pack-and-repacking\"><meta itemprop=\"image\" content=\"https:\/\/interfilling.com\/wp-content\/uploads\/2023\/03\/Pack-and-repacking-600x400.jpg\"><\/figure><figure itemscope itemtype=\"http:\/\/schema.org\/ImageObject\" itemprop=\"isPartOf\" class=\"img-wrapper\"><img decoding=\"async\" title=\"Logistics\" alt=\"\" src=\"https:\/\/interfilling.com\/wp-content\/uploads\/2023\/03\/Logistics-600x400.jpg\"\/><meta itemprop=\"name\" content=\"Logistics\"><meta itemprop=\"image\" content=\"https:\/\/interfilling.com\/wp-content\/uploads\/2023\/03\/Logistics-600x400.jpg\"><\/figure><figure itemscope itemtype=\"http:\/\/schema.org\/ImageObject\" itemprop=\"isPartOf\" class=\"img-wrapper\"><img decoding=\"async\" title=\"Apply-Label\" alt=\"\" src=\"https:\/\/interfilling.com\/wp-content\/uploads\/2023\/03\/Apply-Label-1-600x400.jpg\"\/><meta itemprop=\"name\" content=\"Apply-Label\"><meta itemprop=\"image\" content=\"https:\/\/interfilling.com\/wp-content\/uploads\/2023\/03\/Apply-Label-1-600x400.jpg\"><\/figure><\/div><\/div><div class=\"block big-steps-wrapper\"><div data-destination=\"class-1\" class=\"step-wrapper block animation-block\"><div class=\"left-side\"><figure itemscope itemtype=\"http:\/\/schema.org\/ImageObject\" itemprop=\"isPartOf\" class=\"img-wrapper\"><img decoding=\"async\" title=\"Artworks\" alt=\"\" src=\"https:\/\/interfilling.com\/wp-content\/uploads\/2023\/03\/Artworks.png\"\/><meta itemprop=\"name\" content=\"Artworks\"><meta itemprop=\"image\" content=\"https:\/\/interfilling.com\/wp-content\/uploads\/2023\/03\/Artworks.png\"><\/figure><\/div><div class=\"right-side\"><h4 class=\"step-title\">Gestaltung<\/h4><div class=\"content-wrapper\"><p>Erg\u00e4nzen Sie Ihr Produkt mit Etiketten, Umkartons, Faltbl\u00e4ttern, Brosch\u00fcren oder Flyern \u2013 wir k\u00fcmmern uns um die umfassende Gestaltung und Zusammenstellung Ihrer Sekund\u00e4rverpackung. Gemeinsam gestalten wir Ihre Vision und setzen Ihre Entw\u00fcrfe in die Tat um. Zeigen Sie uns Ihr kreatives Werk, und wir entwickeln die besten L\u00f6sungen f\u00fcr Sie.<\/p>\n<\/div><\/div><\/div><div data-destination=\"class-2\" class=\"step-wrapper block animation-block\"><div class=\"left-side\"><figure itemscope itemtype=\"http:\/\/schema.org\/ImageObject\" itemprop=\"isPartOf\" class=\"img-wrapper\"><img decoding=\"async\" title=\"Packandrepacking\" alt=\"\" src=\"https:\/\/interfilling.com\/wp-content\/uploads\/2023\/03\/Packandrepacking.png\"\/><meta itemprop=\"name\" content=\"Packandrepacking\"><meta itemprop=\"image\" content=\"https:\/\/interfilling.com\/wp-content\/uploads\/2023\/03\/Packandrepacking.png\"><\/figure><\/div><div class=\"right-side\"><h4 class=\"step-title\">Verpacken und Umverpacken<\/h4><div class=\"content-wrapper\"><p>Es gibt unz\u00e4hlige kreative Wege, Produkte stilvoll zu verpacken und zu pr\u00e4sentieren. Das Produkt kann durch das Hinzuf\u00fcgen einer zweiten Verpackung, die Zusammenstellung von Komponenten zu einem Set oder das Beilegen zus\u00e4tzlicher Artikel wie Eins\u00e4tze, Mappen oder Dankeskarten aufgewertet werden. Wir bieten zudem einen Reparaturservice an, falls Sie das Produkt besch\u00e4digt oder unsachgem\u00e4\u00df verpackt von Ihrem Lieferanten erhalten.<\/p>\n<\/div><\/div><\/div><div data-destination=\"class-3\" class=\"step-wrapper block animation-block\"><div class=\"left-side\"><figure itemscope itemtype=\"http:\/\/schema.org\/ImageObject\" itemprop=\"isPartOf\" class=\"img-wrapper\"><img decoding=\"async\" title=\"Logistics\" alt=\"\" src=\"https:\/\/interfilling.com\/wp-content\/uploads\/2023\/03\/Logistics.png\"\/><meta itemprop=\"name\" content=\"Logistics\"><meta itemprop=\"image\" content=\"https:\/\/interfilling.com\/wp-content\/uploads\/2023\/03\/Logistics.png\"><\/figure><\/div><div class=\"right-side\"><h4 class=\"step-title\">Logistik<\/h4><div class=\"content-wrapper\"><p>Wir richten uns nach Ihren Logistikpr\u00e4ferenzen, um Ihr Produkt auf die effizienteste Weise zu versenden. Zum Beispiel durch die Ber\u00fccksichtigung von Palettierungsanfragen oder die Anfertigung ma\u00dfgeschneiderter Versandkartons. Wir k\u00f6nnen Sie auch bei der Koordinierung von Transport, Teilversand und Lagerhaltung unterst\u00fctzen.<\/p>\n<\/div><\/div><\/div><div data-destination=\"class-4\" class=\"step-wrapper block animation-block\"><div class=\"left-side\"><figure itemscope itemtype=\"http:\/\/schema.org\/ImageObject\" itemprop=\"isPartOf\" class=\"img-wrapper\"><img decoding=\"async\" title=\"Labeling\" alt=\"\" src=\"https:\/\/interfilling.com\/wp-content\/uploads\/2023\/03\/Labeling-1-307x400.png\"\/><meta itemprop=\"name\" content=\"Labeling\"><meta itemprop=\"image\" content=\"https:\/\/interfilling.com\/wp-content\/uploads\/2023\/03\/Labeling-1-307x400.png\"><\/figure><\/div><div class=\"right-side\"><h4 class=\"step-title\">Etikettierung<\/h4><div class=\"content-wrapper\"><p>Mit unseren Maschinen k\u00f6nnen wir verschiedene Arten von Etiketten automatisch anbringen, aber auch eine manuelle Etikettierung ist m\u00f6glich. Etiketten k\u00f6nnen auf Prim\u00e4rverpackungen, Sekund\u00e4rverpackungen oder Versandkartons angebracht werden, ganz gleich, welche Gr\u00f6\u00dfe oder Materialbeschaffenheit sie haben.<\/p>\n<\/div><\/div><\/div><\/div><\/div><\/div><\/div><\/section>\n\n<section id=section-block-block_ad9688395c64ce58d47c72687460c583 class=\"section block_content_and_image_left\" itemscope itemtype=\"http:\/\/schema.org\/WebPageElement\" itemprop=\"hasPart\"><div class=\"container\"><div class=\"block-row blocks-in-row-2\"><div class=\"block content-block\" itemscope itemtype=\"http:\/\/schema.org\/WebPageElement\" itemprop=\"isPartOf\"><div class=\"inner-wrapper\"><div class=\"title-wrapper\"><h3 class=\"block-title h2\">Warum Interfilling?<\/h3><span class=\"block-subtitle\">Optimieren Sie Ihre Prozesse<\/span><\/div><div itemprop=\"text\" class=\"content-wrapper\"><p><span style=\"font-weight: 400;\">Durch die Zusammenarbeit mit einem erfahrenen Dienstleister k\u00f6nnen Unternehmen garantieren, dass ihre Produkte sicher und effizient versandt werden. Gleichzeitig verbessern sie das Kundenerlebnis und st\u00e4rken ihre Markenidentit\u00e4t. Au\u00dferdem k\u00f6nnen Sie mit Interfilling die Produkte in der gew\u00fcnschten <a href=\"https:\/\/interfilling.com\/de\/dienstleistungen\/verpackung\/\">Verpackung<\/a> <a href=\"https:\/\/interfilling.com\/de\/dienstleistungen\/abfuellung\/\">abf\u00fcllen<\/a> lassen.<\/span><\/p>\n<\/div><\/div><\/div><div class=\"block image-block\" itemscope itemtype=\"http:\/\/schema.org\/WebPageElement\" itemprop=\"isPartOf\"><div class=\"inner-wrapper\"><figure itemscope itemtype=\"http:\/\/schema.org\/ImageObject\" itemprop=\"isPartOf\" class=\"img-wrapper\"><img decoding=\"async\" title=\"13\" alt=\"\" src=\"https:\/\/interfilling.com\/wp-content\/uploads\/2023\/03\/13-600x400.jpg\"\/><meta itemprop=\"name\" content=\"13\"><meta itemprop=\"image\" content=\"https:\/\/interfilling.com\/wp-content\/uploads\/2023\/03\/13-600x400.jpg\"><\/figure><\/div><\/div><\/div><\/div><\/section>\n\n<section id=section-block-block_fb513093c7652caf8c5da5d548c66965 class=\"section cta_with_button_block\" itemscope itemtype=\"http:\/\/schema.org\/WebPageElement\" itemprop=\"isPartOf\"><div class=\"container\"><div class=\"background-underlay\"><\/div><div class=\"block-row blocks-in-row-1\"><div class=\"block cta-with-button-block\"><div class=\"inner-wrapper\"><div class=\"title-wrapper\"><h2 class=\"block-title h2\">Besuchen Sie unsere Interfilling-Plattform, konfigurieren Sie Ihre gew\u00fcnschten Dienste und Sie erhalten schnell ein ma\u00dfgeschneidertes Angebot.<\/h2><\/div><div class=\"thumb-side\"><figure itemscope itemtype=\"http:\/\/schema.org\/ImageObject\" itemprop=\"isPartOf\" class=\"img-wrapper\"><img decoding=\"async\" title=\"cta-screens\" alt=\"\" src=\"https:\/\/interfilling.com\/wp-content\/uploads\/2023\/02\/cta-screens.png\"\/><meta itemprop=\"name\" content=\"cta-screens\"><meta itemprop=\"image\" content=\"https:\/\/interfilling.com\/wp-content\/uploads\/2023\/02\/cta-screens.png\"><\/figure><\/div><div class=\"button-wrapper\"><a  title=\"Konfigurieren Sie Ihren Konfektionierungsservice\" href=\"https:\/\/theplatform.interfilling.com\/de\/fulfilment\/\" class=\"button set\" itemscope itemtype=\"http:\/\/schema.org\/WebPage\" itemprop=\"isPartOf\"><meta itemprop=\"significantLink\" content=\"https:\/\/theplatform.interfilling.com\/de\/fulfilment\/\">Konfigurieren Sie Ihren Konfektionierungsservice<\/a><a  title=\"Kontaktieren Sie uns\" href=\"https:\/\/interfilling.com\/de\/kontakt\/\" class=\"button\" itemscope itemtype=\"http:\/\/schema.org\/WebPage\" itemprop=\"isPartOf\"><meta itemprop=\"significantLink\" content=\"https:\/\/interfilling.com\/de\/kontakt\/\">Kontaktieren Sie uns<\/a><\/div><\/div><\/div><\/div><\/section>","protected":false},"excerpt":{"rendered":"","protected":false},"author":1,"featured_media":0,"parent":2934,"menu_order":26,"comment_status":"closed","ping_status":"closed","template":"","meta":{"_acf_changed":false,"footnotes":""},"class_list":["post-2909","page","type-page","status-publish","hentry"],"acf":[],"yoast_head":"<!-- This site is optimized with the Yoast SEO plugin v27.1.1 - https:\/\/yoast.com\/product\/yoast-seo-wordpress\/ -->\n<title>Effiziente und sorgf\u00e4ltige Konfektionierung | Interfilling<\/title>\n<meta name=\"description\" content=\"Suchen Sie nach einem zuverl\u00e4ssigen Partner f\u00fcr Co-Packing? Dann sind Sie bei uns genau richtig. Mehr entdecken.\" \/>\n<meta name=\"robots\" content=\"index, follow, max-snippet:-1, max-image-preview:large, max-video-preview:-1\" \/>\n<link rel=\"canonical\" href=\"https:\/\/interfilling.com\/de\/dienstleistungen\/konfektionierung\/\" \/>\n<meta property=\"og:locale\" content=\"de_DE\" \/>\n<meta property=\"og:type\" content=\"article\" \/>\n<meta property=\"og:title\" content=\"Effiziente und sorgf\u00e4ltige Konfektionierung | Interfilling\" \/>\n<meta property=\"og:description\" content=\"Suchen Sie nach einem zuverl\u00e4ssigen Partner f\u00fcr Co-Packing? Dann sind Sie bei uns genau richtig. Mehr entdecken.\" \/>\n<meta property=\"og:url\" content=\"https:\/\/interfilling.com\/de\/dienstleistungen\/konfektionierung\/\" \/>\n<meta property=\"og:site_name\" content=\"Interfilling\" \/>\n<meta property=\"article:modified_time\" content=\"2024-12-16T11:46:29+00:00\" \/>\n<meta name=\"twitter:card\" content=\"summary_large_image\" \/>\n<meta name=\"twitter:site\" content=\"@interfilling\" \/>\n<meta name=\"twitter:label1\" content=\"Gesch\u00e4tzte Lesezeit\" \/>\n\t<meta name=\"twitter:data1\" content=\"4\u00a0Minuten\" \/>\n<script type=\"application\/ld+json\" class=\"yoast-schema-graph\">{\"@context\":\"https:\/\/schema.org\",\"@graph\":[{\"@type\":\"WebPage\",\"@id\":\"https:\/\/interfilling.com\/de\/dienstleistungen\/konfektionierung\/\",\"url\":\"https:\/\/interfilling.com\/de\/dienstleistungen\/konfektionierung\/\",\"name\":\"Effiziente und sorgf\u00e4ltige Konfektionierung | Interfilling\",\"isPartOf\":{\"@id\":\"https:\/\/interfilling.com\/de\/#website\"},\"datePublished\":\"2023-02-17T11:23:59+00:00\",\"dateModified\":\"2024-12-16T11:46:29+00:00\",\"description\":\"Suchen Sie nach einem zuverl\u00e4ssigen Partner f\u00fcr Co-Packing? Dann sind Sie bei uns genau richtig. Mehr entdecken.\",\"breadcrumb\":{\"@id\":\"https:\/\/interfilling.com\/de\/dienstleistungen\/konfektionierung\/#breadcrumb\"},\"inLanguage\":\"de\",\"potentialAction\":[{\"@type\":\"ReadAction\",\"target\":[\"https:\/\/interfilling.com\/de\/dienstleistungen\/konfektionierung\/\"]}]},{\"@type\":\"BreadcrumbList\",\"@id\":\"https:\/\/interfilling.com\/de\/dienstleistungen\/konfektionierung\/#breadcrumb\",\"itemListElement\":[{\"@type\":\"ListItem\",\"position\":1,\"name\":\"Home\",\"item\":\"https:\/\/interfilling.com\/de\/\"},{\"@type\":\"ListItem\",\"position\":2,\"name\":\"Dienstleistungen\",\"item\":\"https:\/\/interfilling.com\/de\/dienstleistungen\/\"},{\"@type\":\"ListItem\",\"position\":3,\"name\":\"Konfektionierung\"}]},{\"@type\":\"WebSite\",\"@id\":\"https:\/\/interfilling.com\/de\/#website\",\"url\":\"https:\/\/interfilling.com\/de\/\",\"name\":\"Interfilling\",\"description\":\"Your reliable partner for packaging, filling, and fulfilment.\",\"publisher\":{\"@id\":\"https:\/\/interfilling.com\/de\/#organization\"},\"potentialAction\":[{\"@type\":\"SearchAction\",\"target\":{\"@type\":\"EntryPoint\",\"urlTemplate\":\"https:\/\/interfilling.com\/de\/?s={search_term_string}\"},\"query-input\":{\"@type\":\"PropertyValueSpecification\",\"valueRequired\":true,\"valueName\":\"search_term_string\"}}],\"inLanguage\":\"de\"},{\"@type\":\"Organization\",\"@id\":\"https:\/\/interfilling.com\/de\/#organization\",\"name\":\"Interfilling\",\"url\":\"https:\/\/interfilling.com\/de\/\",\"logo\":{\"@type\":\"ImageObject\",\"inLanguage\":\"de\",\"@id\":\"https:\/\/interfilling.com\/de\/#\/schema\/logo\/image\/\",\"url\":\"https:\/\/interfilling.com\/wp-content\/uploads\/2023\/03\/Interfilling-logo-3.png\",\"contentUrl\":\"https:\/\/interfilling.com\/wp-content\/uploads\/2023\/03\/Interfilling-logo-3.png\",\"width\":2336,\"height\":1090,\"caption\":\"Interfilling\"},\"image\":{\"@id\":\"https:\/\/interfilling.com\/de\/#\/schema\/logo\/image\/\"},\"sameAs\":[\"https:\/\/x.com\/interfilling\",\"https:\/\/www.linkedin.com\/company\/interfilling-b.v.\/\"]}]}<\/script>\n<!-- \/ Yoast SEO plugin. -->","yoast_head_json":{"title":"Effiziente und sorgf\u00e4ltige Konfektionierung | Interfilling","description":"Suchen Sie nach einem zuverl\u00e4ssigen Partner f\u00fcr Co-Packing? Dann sind Sie bei uns genau richtig. Mehr entdecken.","robots":{"index":"index","follow":"follow","max-snippet":"max-snippet:-1","max-image-preview":"max-image-preview:large","max-video-preview":"max-video-preview:-1"},"canonical":"https:\/\/interfilling.com\/de\/dienstleistungen\/konfektionierung\/","og_locale":"de_DE","og_type":"article","og_title":"Effiziente und sorgf\u00e4ltige Konfektionierung | Interfilling","og_description":"Suchen Sie nach einem zuverl\u00e4ssigen Partner f\u00fcr Co-Packing? Dann sind Sie bei uns genau richtig. Mehr entdecken.","og_url":"https:\/\/interfilling.com\/de\/dienstleistungen\/konfektionierung\/","og_site_name":"Interfilling","article_modified_time":"2024-12-16T11:46:29+00:00","twitter_card":"summary_large_image","twitter_site":"@interfilling","twitter_misc":{"Gesch\u00e4tzte Lesezeit":"4\u00a0Minuten"},"schema":{"@context":"https:\/\/schema.org","@graph":[{"@type":"WebPage","@id":"https:\/\/interfilling.com\/de\/dienstleistungen\/konfektionierung\/","url":"https:\/\/interfilling.com\/de\/dienstleistungen\/konfektionierung\/","name":"Effiziente und sorgf\u00e4ltige Konfektionierung | Interfilling","isPartOf":{"@id":"https:\/\/interfilling.com\/de\/#website"},"datePublished":"2023-02-17T11:23:59+00:00","dateModified":"2024-12-16T11:46:29+00:00","description":"Suchen Sie nach einem zuverl\u00e4ssigen Partner f\u00fcr Co-Packing? Dann sind Sie bei uns genau richtig. Mehr entdecken.","breadcrumb":{"@id":"https:\/\/interfilling.com\/de\/dienstleistungen\/konfektionierung\/#breadcrumb"},"inLanguage":"de","potentialAction":[{"@type":"ReadAction","target":["https:\/\/interfilling.com\/de\/dienstleistungen\/konfektionierung\/"]}]},{"@type":"BreadcrumbList","@id":"https:\/\/interfilling.com\/de\/dienstleistungen\/konfektionierung\/#breadcrumb","itemListElement":[{"@type":"ListItem","position":1,"name":"Home","item":"https:\/\/interfilling.com\/de\/"},{"@type":"ListItem","position":2,"name":"Dienstleistungen","item":"https:\/\/interfilling.com\/de\/dienstleistungen\/"},{"@type":"ListItem","position":3,"name":"Konfektionierung"}]},{"@type":"WebSite","@id":"https:\/\/interfilling.com\/de\/#website","url":"https:\/\/interfilling.com\/de\/","name":"Interfilling","description":"Your reliable partner for packaging, filling, and fulfilment.","publisher":{"@id":"https:\/\/interfilling.com\/de\/#organization"},"potentialAction":[{"@type":"SearchAction","target":{"@type":"EntryPoint","urlTemplate":"https:\/\/interfilling.com\/de\/?s={search_term_string}"},"query-input":{"@type":"PropertyValueSpecification","valueRequired":true,"valueName":"search_term_string"}}],"inLanguage":"de"},{"@type":"Organization","@id":"https:\/\/interfilling.com\/de\/#organization","name":"Interfilling","url":"https:\/\/interfilling.com\/de\/","logo":{"@type":"ImageObject","inLanguage":"de","@id":"https:\/\/interfilling.com\/de\/#\/schema\/logo\/image\/","url":"https:\/\/interfilling.com\/wp-content\/uploads\/2023\/03\/Interfilling-logo-3.png","contentUrl":"https:\/\/interfilling.com\/wp-content\/uploads\/2023\/03\/Interfilling-logo-3.png","width":2336,"height":1090,"caption":"Interfilling"},"image":{"@id":"https:\/\/interfilling.com\/de\/#\/schema\/logo\/image\/"},"sameAs":["https:\/\/x.com\/interfilling","https:\/\/www.linkedin.com\/company\/interfilling-b.v.\/"]}]}},"_links":{"self":[{"href":"https:\/\/interfilling.com\/de\/wp-json\/wp\/v2\/pages\/2909","targetHints":{"allow":["GET"]}}],"collection":[{"href":"https:\/\/interfilling.com\/de\/wp-json\/wp\/v2\/pages"}],"about":[{"href":"https:\/\/interfilling.com\/de\/wp-json\/wp\/v2\/types\/page"}],"author":[{"embeddable":true,"href":"https:\/\/interfilling.com\/de\/wp-json\/wp\/v2\/users\/1"}],"replies":[{"embeddable":true,"href":"https:\/\/interfilling.com\/de\/wp-json\/wp\/v2\/comments?post=2909"}],"version-history":[{"count":0,"href":"https:\/\/interfilling.com\/de\/wp-json\/wp\/v2\/pages\/2909\/revisions"}],"up":[{"embeddable":true,"href":"https:\/\/interfilling.com\/de\/wp-json\/wp\/v2\/pages\/2934"}],"wp:attachment":[{"href":"https:\/\/interfilling.com\/de\/wp-json\/wp\/v2\/media?parent=2909"}],"curies":[{"name":"wp","href":"https:\/\/api.w.org\/{rel}","templated":true}]}}