{"id":2934,"date":"2023-02-17T12:23:11","date_gmt":"2023-02-17T11:23:11","guid":{"rendered":"https:\/\/interfilling.com\/dienstleistungen\/"},"modified":"2025-01-15T10:12:14","modified_gmt":"2025-01-15T09:12:14","slug":"dienstleistungen","status":"publish","type":"page","link":"https:\/\/interfilling.com\/de\/dienstleistungen\/","title":{"rendered":"Dienstleistungen"},"content":{"rendered":"<section id=section-block-block_5e3c6c6c8a23c5e3c93d8e5905ae8be6 class=\"section card_block_repeater\" itemscope itemtype=\"http:\/\/schema.org\/WebPageElement\" itemprop=\"hasPart\"><div class=\"container\"><div class=\"block-row blocks-in-row-1\"><div class=\"block card-block-repeater\"><div class=\"top-wrapper\"><div class=\"title-wrapper\"><h1 class=\"block-title h2\">Entdecken Sie unsere Dienstleistungen<\/h1><span class=\"block-subtitle\">St\u00e4rken Sie Ihre Produktlinie<\/span><\/div><\/div><div class=\"inner-wrapper\"><a class=\"link card-item  portrait\"  title=\"Verpackung\" href=\"https:\/\/interfilling.com\/de\/dienstleistungen\/verpackung\/\" itemscope itemtype=\"http:\/\/schema.org\/WebPage\" itemprop=\"isPartOf\" ><meta itemprop=\"significantLink\" content=\"https:\/\/interfilling.com\/de\/dienstleistungen\/verpackung\/\"><figure itemscope itemtype=\"http:\/\/schema.org\/ImageObject\" itemprop=\"isPartOf\" class=\"img-wrapper\"><img decoding=\"async\" title=\"Packaging | InterFilling\" alt=\"\" src=\"https:\/\/interfilling.com\/wp-content\/uploads\/2023\/03\/01-772x810.jpg\"\/><meta itemprop=\"name\" content=\"Packaging | InterFilling\"><meta itemprop=\"image\" content=\"https:\/\/interfilling.com\/wp-content\/uploads\/2023\/03\/01-772x810.jpg\"><\/figure><div class=\"content-wrapper\"><h2 class=\"title-part\">Verpackung<\/h2><p class=\"text-part\">Entdecken Sie unser vielf\u00e4ltiges Sortiment an Verpackungsl\u00f6sungen. W\u00e4hlen und kombinieren Sie aus einer Vielzahl von Tiegeln, Deckeln, Flaschen, Pinseln, Beuteln und Verschl\u00fcssen. Passen Sie Ihre Produkte individuell an und profitieren Sie von unseren Eigenmarken-Optionen f\u00fcr einen zus\u00e4tzlichen Mehrwert. Senden Sie uns noch heute Ihre Angebotsanfrage.<\/p><\/div><\/a><a class=\"link card-item  portrait\"  title=\"Abf\u00fcllung\" href=\"https:\/\/interfilling.com\/de\/dienstleistungen\/abfuellung\/\" itemscope itemtype=\"http:\/\/schema.org\/WebPage\" itemprop=\"isPartOf\" ><meta itemprop=\"significantLink\" content=\"https:\/\/interfilling.com\/de\/dienstleistungen\/abfuellung\/\"><figure itemscope itemtype=\"http:\/\/schema.org\/ImageObject\" itemprop=\"isPartOf\" class=\"img-wrapper\"><img decoding=\"async\" title=\"A7V05265\" alt=\"\" src=\"https:\/\/interfilling.com\/wp-content\/uploads\/2024\/01\/A7V05265-772x810.jpg\"\/><meta itemprop=\"name\" content=\"A7V05265\"><meta itemprop=\"image\" content=\"https:\/\/interfilling.com\/wp-content\/uploads\/2024\/01\/A7V05265-772x810.jpg\"><\/figure><div class=\"content-wrapper\"><h2 class=\"title-part\">Abf\u00fcllung<\/h2><p class=\"text-part\">Ob Fl\u00fcssigkeiten oder Pulver, in Mengen von 2,5 ml bis 5 Litern: Wir sind auf die Abf\u00fcllung von Produkten f\u00fcr Kosmetik, Nagelpflege und Raumpflege spezialisiert. Fordern Sie noch heute ein Angebot an!<\/p><\/div><\/a><a class=\"link card-item  portrait\"  title=\"Fulfilment\" href=\"https:\/\/interfilling.com\/de\/dienstleistungen\/konfektionierung\/\" itemscope itemtype=\"http:\/\/schema.org\/WebPage\" itemprop=\"isPartOf\" ><meta itemprop=\"significantLink\" content=\"https:\/\/interfilling.com\/de\/dienstleistungen\/konfektionierung\/\"><figure itemscope itemtype=\"http:\/\/schema.org\/ImageObject\" itemprop=\"isPartOf\" class=\"img-wrapper\"><img decoding=\"async\" title=\"Fulfilment | InterFilling\" alt=\"\" src=\"https:\/\/interfilling.com\/wp-content\/uploads\/2023\/03\/15-772x810.jpg\"\/><meta itemprop=\"name\" content=\"Fulfilment | InterFilling\"><meta itemprop=\"image\" content=\"https:\/\/interfilling.com\/wp-content\/uploads\/2023\/03\/15-772x810.jpg\"><\/figure><div class=\"content-wrapper\"><h2 class=\"title-part\">Konfektionierung<\/h2><p class=\"text-part\">Suchen Sie einen Co-Packing-Partner? Wir bieten umfassende Konfektionierungsservices an, darunter das Verpacken von Produkten, das Falten von Schachteln, das Verschlie\u00dfen, das Etikettieren sowie das Hinzuf\u00fcgen von Brosch\u00fcren. Starten Sie Ihre Angebotsanfrage hier.<\/p><\/div><\/a><\/div><\/div><\/div><\/div><\/section>\n\n<section id=section-block-block_8f8a89d72b721db50ed1ab4a48918efd class=\"section cta_with_button_block\" itemscope itemtype=\"http:\/\/schema.org\/WebPageElement\" itemprop=\"isPartOf\"><div class=\"container\"><div class=\"background-underlay\"><\/div><div class=\"block-row blocks-in-row-1\"><div class=\"block cta-with-button-block\"><div class=\"inner-wrapper\"><div class=\"title-wrapper\"><h3 class=\"block-title h2\">Nutzen Sie unseren benutzerfreundlichen Konfigurator, um schnell ein Angebot zu erhalten.<\/h3><\/div><div class=\"thumb-side\"><figure itemscope itemtype=\"http:\/\/schema.org\/ImageObject\" itemprop=\"isPartOf\" class=\"img-wrapper\"><img decoding=\"async\" title=\"cta-screens\" alt=\"\" src=\"https:\/\/interfilling.com\/wp-content\/uploads\/2023\/02\/cta-screens.png\"\/><meta itemprop=\"name\" content=\"cta-screens\"><meta itemprop=\"image\" content=\"https:\/\/interfilling.com\/wp-content\/uploads\/2023\/02\/cta-screens.png\"><\/figure><\/div><div class=\"button-wrapper\"><a  title=\"Gew\u00fcnschte Dienstleistungen konfigurieren\" href=\"https:\/\/theplatform.interfilling.com\/en\/\" class=\"button set\" itemscope itemtype=\"http:\/\/schema.org\/WebPage\" itemprop=\"isPartOf\"><meta itemprop=\"significantLink\" content=\"https:\/\/theplatform.interfilling.com\/en\/\">Gew\u00fcnschte Dienstleistungen konfigurieren<\/a><a  title=\"Kontaktieren Sie uns\" href=\"https:\/\/interfilling.com\/contact\/\" class=\"button\" itemscope itemtype=\"http:\/\/schema.org\/WebPage\" itemprop=\"isPartOf\"><meta itemprop=\"significantLink\" content=\"https:\/\/interfilling.com\/contact\/\">Kontaktieren Sie uns<\/a><\/div><\/div><\/div><\/div><\/section>","protected":false},"excerpt":{"rendered":"","protected":false},"author":1,"featured_media":0,"parent":0,"menu_order":20,"comment_status":"closed","ping_status":"closed","template":"","meta":{"_acf_changed":false,"footnotes":""},"class_list":["post-2934","page","type-page","status-publish","hentry"],"acf":[],"yoast_head":"<!-- This site is optimized with the Yoast SEO plugin v27.1.1 - https:\/\/yoast.com\/product\/yoast-seo-wordpress\/ -->\n<title>Dienstleistungen | Interfilling<\/title>\n<meta name=\"description\" content=\"Wir haben uns auf das Abf\u00fcllen, Verpacken und Konfektionieren einer Vielzahl von Produkten f\u00fcr die Kosmetiksindustrie spezialisiert.\" \/>\n<meta name=\"robots\" content=\"index, follow, max-snippet:-1, max-image-preview:large, max-video-preview:-1\" \/>\n<link rel=\"canonical\" href=\"https:\/\/interfilling.com\/de\/dienstleistungen\/\" \/>\n<meta property=\"og:locale\" content=\"de_DE\" \/>\n<meta property=\"og:type\" content=\"article\" \/>\n<meta property=\"og:title\" content=\"Dienstleistungen | Interfilling\" \/>\n<meta property=\"og:description\" content=\"Wir haben uns auf das Abf\u00fcllen, Verpacken und Konfektionieren einer Vielzahl von Produkten f\u00fcr die Kosmetiksindustrie spezialisiert.\" \/>\n<meta property=\"og:url\" content=\"https:\/\/interfilling.com\/de\/dienstleistungen\/\" \/>\n<meta property=\"og:site_name\" content=\"Interfilling\" \/>\n<meta property=\"article:modified_time\" content=\"2025-01-15T09:12:14+00:00\" \/>\n<meta name=\"twitter:card\" content=\"summary_large_image\" \/>\n<meta name=\"twitter:site\" content=\"@interfilling\" \/>\n<meta name=\"twitter:label1\" content=\"Gesch\u00e4tzte Lesezeit\" \/>\n\t<meta name=\"twitter:data1\" content=\"2\u00a0Minuten\" \/>\n<script type=\"application\/ld+json\" class=\"yoast-schema-graph\">{\"@context\":\"https:\/\/schema.org\",\"@graph\":[{\"@type\":\"WebPage\",\"@id\":\"https:\/\/interfilling.com\/de\/dienstleistungen\/\",\"url\":\"https:\/\/interfilling.com\/de\/dienstleistungen\/\",\"name\":\"Dienstleistungen | Interfilling\",\"isPartOf\":{\"@id\":\"https:\/\/interfilling.com\/de\/#website\"},\"datePublished\":\"2023-02-17T11:23:11+00:00\",\"dateModified\":\"2025-01-15T09:12:14+00:00\",\"description\":\"Wir haben uns auf das Abf\u00fcllen, Verpacken und Konfektionieren einer Vielzahl von Produkten f\u00fcr die Kosmetiksindustrie spezialisiert.\",\"breadcrumb\":{\"@id\":\"https:\/\/interfilling.com\/de\/dienstleistungen\/#breadcrumb\"},\"inLanguage\":\"de\",\"potentialAction\":[{\"@type\":\"ReadAction\",\"target\":[\"https:\/\/interfilling.com\/de\/dienstleistungen\/\"]}]},{\"@type\":\"BreadcrumbList\",\"@id\":\"https:\/\/interfilling.com\/de\/dienstleistungen\/#breadcrumb\",\"itemListElement\":[{\"@type\":\"ListItem\",\"position\":1,\"name\":\"Home\",\"item\":\"https:\/\/interfilling.com\/de\/\"},{\"@type\":\"ListItem\",\"position\":2,\"name\":\"Dienstleistungen\"}]},{\"@type\":\"WebSite\",\"@id\":\"https:\/\/interfilling.com\/de\/#website\",\"url\":\"https:\/\/interfilling.com\/de\/\",\"name\":\"Interfilling\",\"description\":\"Your reliable partner for packaging, filling, and fulfilment.\",\"publisher\":{\"@id\":\"https:\/\/interfilling.com\/de\/#organization\"},\"potentialAction\":[{\"@type\":\"SearchAction\",\"target\":{\"@type\":\"EntryPoint\",\"urlTemplate\":\"https:\/\/interfilling.com\/de\/?s={search_term_string}\"},\"query-input\":{\"@type\":\"PropertyValueSpecification\",\"valueRequired\":true,\"valueName\":\"search_term_string\"}}],\"inLanguage\":\"de\"},{\"@type\":\"Organization\",\"@id\":\"https:\/\/interfilling.com\/de\/#organization\",\"name\":\"Interfilling\",\"url\":\"https:\/\/interfilling.com\/de\/\",\"logo\":{\"@type\":\"ImageObject\",\"inLanguage\":\"de\",\"@id\":\"https:\/\/interfilling.com\/de\/#\/schema\/logo\/image\/\",\"url\":\"https:\/\/interfilling.com\/wp-content\/uploads\/2023\/03\/Interfilling-logo-3.png\",\"contentUrl\":\"https:\/\/interfilling.com\/wp-content\/uploads\/2023\/03\/Interfilling-logo-3.png\",\"width\":2336,\"height\":1090,\"caption\":\"Interfilling\"},\"image\":{\"@id\":\"https:\/\/interfilling.com\/de\/#\/schema\/logo\/image\/\"},\"sameAs\":[\"https:\/\/x.com\/interfilling\",\"https:\/\/www.linkedin.com\/company\/interfilling-b.v.\/\"]}]}<\/script>\n<!-- \/ Yoast SEO plugin. -->","yoast_head_json":{"title":"Dienstleistungen | Interfilling","description":"Wir haben uns auf das Abf\u00fcllen, Verpacken und Konfektionieren einer Vielzahl von Produkten f\u00fcr die Kosmetiksindustrie spezialisiert.","robots":{"index":"index","follow":"follow","max-snippet":"max-snippet:-1","max-image-preview":"max-image-preview:large","max-video-preview":"max-video-preview:-1"},"canonical":"https:\/\/interfilling.com\/de\/dienstleistungen\/","og_locale":"de_DE","og_type":"article","og_title":"Dienstleistungen | Interfilling","og_description":"Wir haben uns auf das Abf\u00fcllen, Verpacken und Konfektionieren einer Vielzahl von Produkten f\u00fcr die Kosmetiksindustrie spezialisiert.","og_url":"https:\/\/interfilling.com\/de\/dienstleistungen\/","og_site_name":"Interfilling","article_modified_time":"2025-01-15T09:12:14+00:00","twitter_card":"summary_large_image","twitter_site":"@interfilling","twitter_misc":{"Gesch\u00e4tzte Lesezeit":"2\u00a0Minuten"},"schema":{"@context":"https:\/\/schema.org","@graph":[{"@type":"WebPage","@id":"https:\/\/interfilling.com\/de\/dienstleistungen\/","url":"https:\/\/interfilling.com\/de\/dienstleistungen\/","name":"Dienstleistungen | Interfilling","isPartOf":{"@id":"https:\/\/interfilling.com\/de\/#website"},"datePublished":"2023-02-17T11:23:11+00:00","dateModified":"2025-01-15T09:12:14+00:00","description":"Wir haben uns auf das Abf\u00fcllen, Verpacken und Konfektionieren einer Vielzahl von Produkten f\u00fcr die Kosmetiksindustrie spezialisiert.","breadcrumb":{"@id":"https:\/\/interfilling.com\/de\/dienstleistungen\/#breadcrumb"},"inLanguage":"de","potentialAction":[{"@type":"ReadAction","target":["https:\/\/interfilling.com\/de\/dienstleistungen\/"]}]},{"@type":"BreadcrumbList","@id":"https:\/\/interfilling.com\/de\/dienstleistungen\/#breadcrumb","itemListElement":[{"@type":"ListItem","position":1,"name":"Home","item":"https:\/\/interfilling.com\/de\/"},{"@type":"ListItem","position":2,"name":"Dienstleistungen"}]},{"@type":"WebSite","@id":"https:\/\/interfilling.com\/de\/#website","url":"https:\/\/interfilling.com\/de\/","name":"Interfilling","description":"Your reliable partner for packaging, filling, and fulfilment.","publisher":{"@id":"https:\/\/interfilling.com\/de\/#organization"},"potentialAction":[{"@type":"SearchAction","target":{"@type":"EntryPoint","urlTemplate":"https:\/\/interfilling.com\/de\/?s={search_term_string}"},"query-input":{"@type":"PropertyValueSpecification","valueRequired":true,"valueName":"search_term_string"}}],"inLanguage":"de"},{"@type":"Organization","@id":"https:\/\/interfilling.com\/de\/#organization","name":"Interfilling","url":"https:\/\/interfilling.com\/de\/","logo":{"@type":"ImageObject","inLanguage":"de","@id":"https:\/\/interfilling.com\/de\/#\/schema\/logo\/image\/","url":"https:\/\/interfilling.com\/wp-content\/uploads\/2023\/03\/Interfilling-logo-3.png","contentUrl":"https:\/\/interfilling.com\/wp-content\/uploads\/2023\/03\/Interfilling-logo-3.png","width":2336,"height":1090,"caption":"Interfilling"},"image":{"@id":"https:\/\/interfilling.com\/de\/#\/schema\/logo\/image\/"},"sameAs":["https:\/\/x.com\/interfilling","https:\/\/www.linkedin.com\/company\/interfilling-b.v.\/"]}]}},"_links":{"self":[{"href":"https:\/\/interfilling.com\/de\/wp-json\/wp\/v2\/pages\/2934","targetHints":{"allow":["GET"]}}],"collection":[{"href":"https:\/\/interfilling.com\/de\/wp-json\/wp\/v2\/pages"}],"about":[{"href":"https:\/\/interfilling.com\/de\/wp-json\/wp\/v2\/types\/page"}],"author":[{"embeddable":true,"href":"https:\/\/interfilling.com\/de\/wp-json\/wp\/v2\/users\/1"}],"replies":[{"embeddable":true,"href":"https:\/\/interfilling.com\/de\/wp-json\/wp\/v2\/comments?post=2934"}],"version-history":[{"count":0,"href":"https:\/\/interfilling.com\/de\/wp-json\/wp\/v2\/pages\/2934\/revisions"}],"wp:attachment":[{"href":"https:\/\/interfilling.com\/de\/wp-json\/wp\/v2\/media?parent=2934"}],"curies":[{"name":"wp","href":"https:\/\/api.w.org\/{rel}","templated":true}]}}