{"id":2960,"date":"2023-02-17T12:27:08","date_gmt":"2023-02-17T11:27:08","guid":{"rendered":"https:\/\/interfilling.com\/ueber-uns\/karriere\/"},"modified":"2024-07-30T15:44:07","modified_gmt":"2024-07-30T13:44:07","slug":"karriere","status":"publish","type":"page","link":"https:\/\/interfilling.com\/de\/ueber-uns\/karriere\/","title":{"rendered":"Karriere"},"content":{"rendered":"<section id=section-block_17b48fe82c55bda0faee169173220121 class=\"section block_image_and_content_left\" itemscope itemtype=\"http:\/\/schema.org\/WebPageElement\" itemprop=\"hasPart\"><div class=\"container\"><div class=\"block-row blocks-in-row-2\"><div class=\"block image-block\" itemscope itemtype=\"http:\/\/schema.org\/WebPageElement\" itemprop=\"isPartOf\"><div class=\"inner-wrapper\"><figure itemscope itemtype=\"http:\/\/schema.org\/ImageObject\" itemprop=\"isPartOf\" class=\"img-wrapper\"><meta itemprop=\"description\" content=\"Sollicitatieprocedure\"><img decoding=\"async\" title=\"proces-2\" alt=\"Sollicitatieprocedure\" src=\"https:\/\/interfilling.com\/wp-content\/uploads\/2024\/07\/proces-2.png\"\/><meta itemprop=\"name\" content=\"proces-2\"><meta itemprop=\"image\" content=\"https:\/\/interfilling.com\/wp-content\/uploads\/2024\/07\/proces-2.png\"><\/figure><\/div><\/div><div class=\"block content-block\" itemscope itemtype=\"http:\/\/schema.org\/WebPageElement\" itemprop=\"isPartOf\"><div class=\"inner-wrapper\"><div class=\"title-wrapper\"><h2 class=\"block-title h2\">Bewerbungsverfahren<\/h2><\/div><div itemprop=\"description\" class=\"content-wrapper\"><p>Schauen Sie sich unser Bewerbungsverfahren an. Bei Fragen stehen wir Ihnen gerne zur Verf\u00fcgung. Wir freuen uns auf Ihre Anfrage und hoffen, dass Sie sich in unserem Team wohlf\u00fchlen werden!<\/p>\n<p>&nbsp;<\/p>\n<\/div><a  title=\"Kontaktieren Sie uns\" href=\"https:\/\/interfilling.com\/de\/kontakt\/\" class=\"button\" itemscope itemtype=\"http:\/\/schema.org\/WebPage\" itemprop=\"isPartOf\"><meta itemprop=\"significantLink\" content=\"https:\/\/interfilling.com\/de\/kontakt\/\">Kontaktieren Sie uns<\/a><\/div><\/div><\/div><\/div><\/section>\n\n<section id=section-block-block_d259622367f2a6ae2d6784baf9743ce1 class=\"section block_content_and_image_left\" itemscope itemtype=\"http:\/\/schema.org\/WebPageElement\" itemprop=\"hasPart\"><div class=\"container\"><div class=\"block-row blocks-in-row-2\"><div class=\"block content-block\" itemscope itemtype=\"http:\/\/schema.org\/WebPageElement\" itemprop=\"isPartOf\"><div class=\"inner-wrapper\"><div class=\"title-wrapper\"><h3 class=\"block-title h2\">Arbeitsbedingungen bei Interfilling<\/h3><\/div><div itemprop=\"text\" class=\"content-wrapper\"><ul>\n<li>24 Urlaubstage plus 2 zus\u00e4tzliche Tage f\u00fcr mentale Gesundheit<\/li>\n<li>Frisches Obst<\/li>\n<li>Firmenfitness<\/li>\n<li>30 Minuten bezahlte Pause<\/li>\n<li>Interne Schulung (Einf\u00fchrungsprogramm)<\/li>\n<li>Rentenbeitr\u00e4ge \u00fcbernimmt der Arbeitgeber<\/li>\n<li>Reisekostenerstattung ab 10 km einfache Strecke<\/li>\n<\/ul>\n<\/div><\/div><\/div><div class=\"block image-block\" itemscope itemtype=\"http:\/\/schema.org\/WebPageElement\" itemprop=\"isPartOf\"><div class=\"inner-wrapper\"><figure itemscope itemtype=\"http:\/\/schema.org\/ImageObject\" itemprop=\"isPartOf\" class=\"img-wrapper\"><img decoding=\"async\" title=\"A7V04848\" alt=\"\" src=\"https:\/\/interfilling.com\/wp-content\/uploads\/2024\/05\/A7V04848-scaled.jpg\"\/><meta itemprop=\"name\" content=\"A7V04848\"><meta itemprop=\"image\" content=\"https:\/\/interfilling.com\/wp-content\/uploads\/2024\/05\/A7V04848-scaled.jpg\"><\/figure><\/div><\/div><\/div><\/div><\/section>\n\n<section id=section-block-block_9557f10c9320a73df3ae02e649638271 class=\"section block_content\" itemscope itemtype=\"http:\/\/schema.org\/WebPageElement\" itemprop=\"hasPart\"><div class=\"container\"><div class=\"block-row blocks-in-row-1\"><div class=\"block content-block\" itemscope itemtype=\"http:\/\/schema.org\/WebPageElement\" itemprop=\"isPartOf\"><div class=\"inner-wrapper\"><div itemprop=\"text\" class=\"content-wrapper\"><p style=\"text-align: center;\"><strong>Erleben Sie die Energie und Leidenschaft, die unser Team in den Arbeitsalltag einbringt und ein dynamisches Umfeld schafft, in dem Ideen florieren. Machen Sie einen digitalen Rundgang durch unser B\u00fcro und erhalten Sie Einblicke in die t\u00e4glichen Aktivit\u00e4ten, die Teamarbeit und die lebendige Kultur, die Interfilling pr\u00e4gen.<\/strong><\/p>\n<\/div><\/div><\/div><\/div><\/div><\/section>\n\n<section id=section-block-block_38340ef4eff0eb2dc96590171ea1e2a1 class=\"section video_block\" itemscope itemtype=\"http:\/\/schema.org\/WebPageElement\" itemprop=\"isPartOf\"><div class=\"container\"><div class=\"block-row blocks-in-row-1\"><div class=\"block video-block\"><div class=\"inner-wrapper\"><div class=\"video-wrapper\"><iframe width=\"570\" height=\"480\" class=\"video-iframe\" src=\"https:\/\/www.youtube-nocookie.com\/embed\/gd4y1Bk76UM\" title=\"Video - Array\" frameborder=\"0\" allow=\"accelerometer; autoplay; control; clipboard-write; encrypted-media; gyroscope; picture-in-picture\" allowfullscreen><\/iframe><\/div><\/div><\/div><\/div><\/div><\/section>\n\n<section id=section-block-block_f330c518450510ff04a346b9e0e8f9f5 class=\"section block_content_and_image_left\" itemscope itemtype=\"http:\/\/schema.org\/WebPageElement\" itemprop=\"hasPart\"><div class=\"container\"><div class=\"block-row blocks-in-row-2\"><div class=\"block content-block\" itemscope itemtype=\"http:\/\/schema.org\/WebPageElement\" itemprop=\"isPartOf\"><div class=\"inner-wrapper\"><div class=\"title-wrapper\"><h2 class=\"block-title h2\">Schulungen und Entwicklungsm\u00f6glichkeiten<\/h2><\/div><div itemprop=\"text\" class=\"content-wrapper\"><p>Bei Interfilling sind wir st\u00e4ndig in Bewegung \u2013 und das umfasst auch unser Engagement f\u00fcr Ihre pers\u00f6nliche Entwicklung. Wir legen gro\u00dfen Wert auf kontinuierliches Wachstum und sind uns der Bedeutung st\u00e4ndiger Weiterentwicklung bewusst. Die F\u00f6rderung und Unterst\u00fctzung Ihrer Lernreise ist ein zentraler Bestandteil unserer Philosophie. Wir f\u00f6rdern und unterst\u00fctzen aktiv das Streben nach Weiterbildungsangeboten, um ein Umfeld zu schaffen, in dem Sie gedeihen und Ihr volles Potenzial entfalten k\u00f6nnen. Wir glauben, dass Investitionen in Ihre berufliche und pers\u00f6nliche Entwicklung sowohl zum Erfolg unseres Teams als auch zur Entfaltung Ihres individuellen Potenzials beitragen.<\/p>\n<\/div><\/div><\/div><div class=\"block image-block\" itemscope itemtype=\"http:\/\/schema.org\/WebPageElement\" itemprop=\"isPartOf\"><div class=\"inner-wrapper\"><figure itemscope itemtype=\"http:\/\/schema.org\/ImageObject\" itemprop=\"isPartOf\" class=\"img-wrapper\"><img decoding=\"async\" title=\"Interfilling - 04\" alt=\"\" src=\"https:\/\/interfilling.com\/wp-content\/uploads\/2023\/12\/Interfilling-04-600x400.jpg\"\/><meta itemprop=\"name\" content=\"Interfilling - 04\"><meta itemprop=\"image\" content=\"https:\/\/interfilling.com\/wp-content\/uploads\/2023\/12\/Interfilling-04-600x400.jpg\"><\/figure><\/div><\/div><\/div><\/div><\/section>\n\n<section id=section-block_dda54c579df22ffc21955fafff6f6547 class=\"section block_image_and_content_left\" itemscope itemtype=\"http:\/\/schema.org\/WebPageElement\" itemprop=\"hasPart\"><div class=\"container\"><div class=\"block-row blocks-in-row-2\"><div class=\"block image-block\" itemscope itemtype=\"http:\/\/schema.org\/WebPageElement\" itemprop=\"isPartOf\"><div class=\"inner-wrapper\"><figure itemscope itemtype=\"http:\/\/schema.org\/ImageObject\" itemprop=\"isPartOf\" class=\"img-wrapper\"><img decoding=\"async\" title=\"Foto-pagina8\" alt=\"\" src=\"https:\/\/interfilling.com\/wp-content\/uploads\/2023\/12\/Foto-pagina8-600x400.jpg\"\/><meta itemprop=\"name\" content=\"Foto-pagina8\"><meta itemprop=\"image\" content=\"https:\/\/interfilling.com\/wp-content\/uploads\/2023\/12\/Foto-pagina8-600x400.jpg\"><\/figure><\/div><\/div><div class=\"block content-block\" itemscope itemtype=\"http:\/\/schema.org\/WebPageElement\" itemprop=\"isPartOf\"><div class=\"inner-wrapper\"><div class=\"title-wrapper\"><h2 class=\"block-title h2\">Unsere Arbeitsweise<\/h2><\/div><div itemprop=\"description\" class=\"content-wrapper\"><p>Im Mittelpunkt unserer Arbeitsphilosophie steht die Bedeutung effektiver Anleitung und die Sicherstellung klarer Prozesse und Strukturen f\u00fcr alle. Wir legen gro\u00dfen Wert auf klare Orientierung und den Zugang zu Informationen, da wir glauben, dass ein gut informiertes Team die Grundlage f\u00fcr den Erfolg ist. Die Einhaltung der Richtlinien f\u00fcr gute Herstellungspraxis (GMP) und die Umsetzung einer ISO-Politik, die Ma\u00dfnahmen wie das Tragen von Schutzkleidung umfasst, unterstreichen unser Engagement f\u00fcr hohe Standards und eine sichere Arbeitsumgebung. Die Gew\u00e4hrleistung der Sicherheit und des Wohlergehens unserer Mitarbeiterinnen und Mitarbeiter hat oberste Priorit\u00e4t. Alle Richtlinien, einschlie\u00dflich der Sicherheitsma\u00dfnahmen, sind im Interfilling-Handbuch ausf\u00fchrlich beschrieben. Anhand dessen erhalten unsere Mitarbeiterinnen und Mitarbeiter ein umfassendes Verst\u00e4ndnis unserer Richtlinien und Verfahren.<\/p>\n<\/div><\/div><\/div><\/div><\/div><\/section>\n\n<section id=section-block-block_6eb283d79d1eb1a3a3a2cdeff5e15785 class=\"section block_content_and_image_left\" itemscope itemtype=\"http:\/\/schema.org\/WebPageElement\" itemprop=\"hasPart\"><div class=\"container\"><div class=\"block-row blocks-in-row-2\"><div class=\"block content-block\" itemscope itemtype=\"http:\/\/schema.org\/WebPageElement\" itemprop=\"isPartOf\"><div class=\"inner-wrapper\"><div class=\"title-wrapper\"><h3 class=\"block-title h2\">Die Basis f\u00fcr ein unschlagbares Team: Teamwork und Freude an der Arbeit.<\/h3><\/div><div itemprop=\"text\" class=\"content-wrapper\"><p>Jedes Jahr kommen wir zu herrlichen sommerlichen Grillfesten und festlichen Weihnachtsveranstaltungen zusammen. Wir legen gro\u00dfen Wert darauf, alle Teilnehmerinnen und Teilnehmer in einem informellen Rahmen kennenzulernen und angenehme Beziehungen zu pflegen. Neben unseren organisierten Events sch\u00e4tzen wir auch die spontanen Initiativen unserer Kolleginnen und Kollegen, wie etwa einen Aufr\u00e4umtag. Es ist ermutigend zu sehen, wie viele sich mit Begeisterung einbringen. <br \/>Auch das Feiern von Erfolgen ist ein zentraler Bestandteil unserer Firmenkultur. Wir freuen uns darauf, Erfolge anzuerkennen und zu w\u00fcrdigen, denn sie verdienen es, gefeiert zu werden!<\/p>\n<\/div><\/div><\/div><div class=\"block image-block\" itemscope itemtype=\"http:\/\/schema.org\/WebPageElement\" itemprop=\"isPartOf\"><div class=\"inner-wrapper\"><figure itemscope itemtype=\"http:\/\/schema.org\/ImageObject\" itemprop=\"isPartOf\" class=\"img-wrapper\"><img decoding=\"async\" title=\"Interfilling - Kerst\" alt=\"\" src=\"https:\/\/interfilling.com\/wp-content\/uploads\/2023\/12\/Interfilling-Kerst-600x400.jpg\"\/><meta itemprop=\"name\" content=\"Interfilling - Kerst\"><meta itemprop=\"image\" content=\"https:\/\/interfilling.com\/wp-content\/uploads\/2023\/12\/Interfilling-Kerst-600x400.jpg\"><\/figure><\/div><\/div><\/div><\/div><\/section>\n\n<section id=section-block_b68118cf07e0591a11a363486170bfc7 class=\"section block_image_and_content_left\" itemscope itemtype=\"http:\/\/schema.org\/WebPageElement\" itemprop=\"hasPart\"><div class=\"container\"><div class=\"block-row blocks-in-row-2\"><div class=\"block image-block\" itemscope itemtype=\"http:\/\/schema.org\/WebPageElement\" itemprop=\"isPartOf\"><div class=\"inner-wrapper\"><figure itemscope itemtype=\"http:\/\/schema.org\/ImageObject\" itemprop=\"isPartOf\" class=\"img-wrapper\"><img decoding=\"async\" title=\"Post 6 (3)\" alt=\"\" src=\"https:\/\/interfilling.com\/wp-content\/uploads\/2024\/05\/Post-6-3-1080x800.jpg\"\/><meta itemprop=\"name\" content=\"Post 6 (3)\"><meta itemprop=\"image\" content=\"https:\/\/interfilling.com\/wp-content\/uploads\/2024\/05\/Post-6-3-1080x800.jpg\"><\/figure><\/div><\/div><div class=\"block content-block\" itemscope itemtype=\"http:\/\/schema.org\/WebPageElement\" itemprop=\"isPartOf\"><div class=\"inner-wrapper\"><div class=\"title-wrapper\"><h3 class=\"block-title h2\">Die Meinung unserer MitarbeiterInnen<\/h3><\/div><div itemprop=\"description\" class=\"content-wrapper\"><p style=\"text-align: left;\">&#8222;Ich arbeite seit 2017 bei Interfilling und habe immer noch viel Freude an meiner Arbeit. Die Arbeit ist abwechslungsreich, k\u00f6rperlich nicht anstrengend, und ich habe jede Woche die Gelegenheit, mit unterschiedlichen Kolleginnen und Kollegen zusammenzuarbeiten. Auf diese Weise lernt man alle kennen und f\u00fchlt sich als Teil eines echten Teams. Meine Vorgesetzten sind stets f\u00fcr mich da, und durch ihre pers\u00f6nliche Art f\u00fchle ich mich immer ermutigt, sie anzusprechen, wenn ich Unterst\u00fctzung ben\u00f6tige.<\/p>\n<p style=\"text-align: left;\">Au\u00dferdem lerne ich auch nach all den Jahren doch jeden Tag etwas Neues dazu. Dadurch bleibt die Arbeit immer spannend und erfreulich.&#8220;<\/p>\n<p style=\"text-align: left;\"><em><strong>Hatice &#8211; Produktionsmitarbeiterin<\/strong><\/em><\/p>\n<\/div><\/div><\/div><\/div><\/div><\/section>\n\n<section id=section-block-block_d01ad362a680fa7428c0cb268e5daf70 class=\"section cta_with_button_block big\" itemscope itemtype=\"http:\/\/schema.org\/WebPageElement\" itemprop=\"isPartOf\"><div class=\"container\"><div class=\"background-underlay\"><\/div><div class=\"block-row blocks-in-row-1\"><div class=\"block cta-with-button-block\"><div class=\"inner-wrapper\"><div class=\"title-wrapper\"><h2 class=\"block-title h2\">Klingt genau richtig f\u00fcr Sie? Kontaktieren Sie uns!<\/h2><\/div><div class=\"thumb-side\"><figure itemscope itemtype=\"http:\/\/schema.org\/ImageObject\" itemprop=\"isPartOf\" class=\"img-wrapper\"><img decoding=\"async\" title=\"Foto-pagina8\" alt=\"\" src=\"https:\/\/interfilling.com\/wp-content\/uploads\/2023\/12\/Foto-pagina8.jpg\"\/><meta itemprop=\"name\" content=\"Foto-pagina8\"><meta itemprop=\"image\" content=\"https:\/\/interfilling.com\/wp-content\/uploads\/2023\/12\/Foto-pagina8.jpg\"><\/figure><\/div><div class=\"button-wrapper\"><a  title=\"Kontaktieren Sie uns\" href=\"https:\/\/interfilling.com\/de\/kontakt\/\" class=\"button \" itemscope itemtype=\"http:\/\/schema.org\/WebPage\" itemprop=\"isPartOf\"><meta itemprop=\"significantLink\" content=\"https:\/\/interfilling.com\/de\/kontakt\/\">Kontaktieren Sie uns<\/a><\/div><\/div><\/div><\/div><\/section>","protected":false},"excerpt":{"rendered":"","protected":false},"author":1,"featured_media":2964,"parent":2812,"menu_order":52,"comment_status":"closed","ping_status":"closed","template":"","meta":{"_acf_changed":false,"footnotes":""},"class_list":["post-2960","page","type-page","status-publish","has-post-thumbnail","hentry"],"acf":[],"yoast_head":"<!-- This site is optimized with the Yoast SEO plugin v27.1.1 - https:\/\/yoast.com\/product\/yoast-seo-wordpress\/ -->\n<title>Karriere | Interfilling<\/title>\n<meta name=\"description\" content=\"Werfen Sie einen Blick auf unsere aktuellen Stellenangebote in der Produktion, im allgemeinen Support und in vielen weiteren Bereichen.\" \/>\n<meta name=\"robots\" content=\"index, follow, max-snippet:-1, max-image-preview:large, max-video-preview:-1\" \/>\n<link rel=\"canonical\" href=\"https:\/\/interfilling.com\/de\/ueber-uns\/karriere\/\" \/>\n<meta property=\"og:locale\" content=\"de_DE\" \/>\n<meta property=\"og:type\" content=\"article\" \/>\n<meta property=\"og:title\" content=\"Karriere | Interfilling\" \/>\n<meta property=\"og:description\" content=\"Werfen Sie einen Blick auf unsere aktuellen Stellenangebote in der Produktion, im allgemeinen Support und in vielen weiteren Bereichen.\" \/>\n<meta property=\"og:url\" content=\"https:\/\/interfilling.com\/de\/ueber-uns\/karriere\/\" \/>\n<meta property=\"og:site_name\" content=\"Interfilling\" \/>\n<meta property=\"article:modified_time\" content=\"2024-07-30T13:44:07+00:00\" \/>\n<meta property=\"og:image\" content=\"https:\/\/interfilling.com\/wp-content\/uploads\/2023\/03\/Careers-aangepaste-foto.jpg\" \/>\n\t<meta property=\"og:image:width\" content=\"1920\" \/>\n\t<meta property=\"og:image:height\" content=\"1074\" \/>\n\t<meta property=\"og:image:type\" content=\"image\/jpeg\" \/>\n<meta name=\"twitter:card\" content=\"summary_large_image\" \/>\n<meta name=\"twitter:site\" content=\"@interfilling\" \/>\n<meta name=\"twitter:label1\" content=\"Gesch\u00e4tzte Lesezeit\" \/>\n\t<meta name=\"twitter:data1\" content=\"5\u00a0Minuten\" \/>\n<script type=\"application\/ld+json\" class=\"yoast-schema-graph\">{\"@context\":\"https:\/\/schema.org\",\"@graph\":[{\"@type\":\"WebPage\",\"@id\":\"https:\/\/interfilling.com\/de\/ueber-uns\/karriere\/\",\"url\":\"https:\/\/interfilling.com\/de\/ueber-uns\/karriere\/\",\"name\":\"Karriere | Interfilling\",\"isPartOf\":{\"@id\":\"https:\/\/interfilling.com\/de\/#website\"},\"primaryImageOfPage\":{\"@id\":\"https:\/\/interfilling.com\/de\/ueber-uns\/karriere\/#primaryimage\"},\"image\":{\"@id\":\"https:\/\/interfilling.com\/de\/ueber-uns\/karriere\/#primaryimage\"},\"thumbnailUrl\":\"https:\/\/interfilling.com\/wp-content\/uploads\/2023\/03\/Careers-aangepaste-foto.jpg\",\"datePublished\":\"2023-02-17T11:27:08+00:00\",\"dateModified\":\"2024-07-30T13:44:07+00:00\",\"description\":\"Werfen Sie einen Blick auf unsere aktuellen Stellenangebote in der Produktion, im allgemeinen Support und in vielen weiteren Bereichen.\",\"breadcrumb\":{\"@id\":\"https:\/\/interfilling.com\/de\/ueber-uns\/karriere\/#breadcrumb\"},\"inLanguage\":\"de\",\"potentialAction\":[{\"@type\":\"ReadAction\",\"target\":[\"https:\/\/interfilling.com\/de\/ueber-uns\/karriere\/\"]}]},{\"@type\":\"ImageObject\",\"inLanguage\":\"de\",\"@id\":\"https:\/\/interfilling.com\/de\/ueber-uns\/karriere\/#primaryimage\",\"url\":\"https:\/\/interfilling.com\/wp-content\/uploads\/2023\/03\/Careers-aangepaste-foto.jpg\",\"contentUrl\":\"https:\/\/interfilling.com\/wp-content\/uploads\/2023\/03\/Careers-aangepaste-foto.jpg\",\"width\":1920,\"height\":1074},{\"@type\":\"BreadcrumbList\",\"@id\":\"https:\/\/interfilling.com\/de\/ueber-uns\/karriere\/#breadcrumb\",\"itemListElement\":[{\"@type\":\"ListItem\",\"position\":1,\"name\":\"Home\",\"item\":\"https:\/\/interfilling.com\/de\/\"},{\"@type\":\"ListItem\",\"position\":2,\"name\":\"\u00dcber uns\",\"item\":\"https:\/\/interfilling.com\/de\/ueber-uns\/\"},{\"@type\":\"ListItem\",\"position\":3,\"name\":\"Karriere\"}]},{\"@type\":\"WebSite\",\"@id\":\"https:\/\/interfilling.com\/de\/#website\",\"url\":\"https:\/\/interfilling.com\/de\/\",\"name\":\"Interfilling\",\"description\":\"Your reliable partner for packaging, filling, and fulfilment.\",\"publisher\":{\"@id\":\"https:\/\/interfilling.com\/de\/#organization\"},\"potentialAction\":[{\"@type\":\"SearchAction\",\"target\":{\"@type\":\"EntryPoint\",\"urlTemplate\":\"https:\/\/interfilling.com\/de\/?s={search_term_string}\"},\"query-input\":{\"@type\":\"PropertyValueSpecification\",\"valueRequired\":true,\"valueName\":\"search_term_string\"}}],\"inLanguage\":\"de\"},{\"@type\":\"Organization\",\"@id\":\"https:\/\/interfilling.com\/de\/#organization\",\"name\":\"Interfilling\",\"url\":\"https:\/\/interfilling.com\/de\/\",\"logo\":{\"@type\":\"ImageObject\",\"inLanguage\":\"de\",\"@id\":\"https:\/\/interfilling.com\/de\/#\/schema\/logo\/image\/\",\"url\":\"https:\/\/interfilling.com\/wp-content\/uploads\/2023\/03\/Interfilling-logo-3.png\",\"contentUrl\":\"https:\/\/interfilling.com\/wp-content\/uploads\/2023\/03\/Interfilling-logo-3.png\",\"width\":2336,\"height\":1090,\"caption\":\"Interfilling\"},\"image\":{\"@id\":\"https:\/\/interfilling.com\/de\/#\/schema\/logo\/image\/\"},\"sameAs\":[\"https:\/\/x.com\/interfilling\",\"https:\/\/www.linkedin.com\/company\/interfilling-b.v.\/\"]}]}<\/script>\n<!-- \/ Yoast SEO plugin. -->","yoast_head_json":{"title":"Karriere | Interfilling","description":"Werfen Sie einen Blick auf unsere aktuellen Stellenangebote in der Produktion, im allgemeinen Support und in vielen weiteren Bereichen.","robots":{"index":"index","follow":"follow","max-snippet":"max-snippet:-1","max-image-preview":"max-image-preview:large","max-video-preview":"max-video-preview:-1"},"canonical":"https:\/\/interfilling.com\/de\/ueber-uns\/karriere\/","og_locale":"de_DE","og_type":"article","og_title":"Karriere | Interfilling","og_description":"Werfen Sie einen Blick auf unsere aktuellen Stellenangebote in der Produktion, im allgemeinen Support und in vielen weiteren Bereichen.","og_url":"https:\/\/interfilling.com\/de\/ueber-uns\/karriere\/","og_site_name":"Interfilling","article_modified_time":"2024-07-30T13:44:07+00:00","og_image":[{"width":1920,"height":1074,"url":"https:\/\/interfilling.com\/wp-content\/uploads\/2023\/03\/Careers-aangepaste-foto.jpg","type":"image\/jpeg"}],"twitter_card":"summary_large_image","twitter_site":"@interfilling","twitter_misc":{"Gesch\u00e4tzte Lesezeit":"5\u00a0Minuten"},"schema":{"@context":"https:\/\/schema.org","@graph":[{"@type":"WebPage","@id":"https:\/\/interfilling.com\/de\/ueber-uns\/karriere\/","url":"https:\/\/interfilling.com\/de\/ueber-uns\/karriere\/","name":"Karriere | Interfilling","isPartOf":{"@id":"https:\/\/interfilling.com\/de\/#website"},"primaryImageOfPage":{"@id":"https:\/\/interfilling.com\/de\/ueber-uns\/karriere\/#primaryimage"},"image":{"@id":"https:\/\/interfilling.com\/de\/ueber-uns\/karriere\/#primaryimage"},"thumbnailUrl":"https:\/\/interfilling.com\/wp-content\/uploads\/2023\/03\/Careers-aangepaste-foto.jpg","datePublished":"2023-02-17T11:27:08+00:00","dateModified":"2024-07-30T13:44:07+00:00","description":"Werfen Sie einen Blick auf unsere aktuellen Stellenangebote in der Produktion, im allgemeinen Support und in vielen weiteren Bereichen.","breadcrumb":{"@id":"https:\/\/interfilling.com\/de\/ueber-uns\/karriere\/#breadcrumb"},"inLanguage":"de","potentialAction":[{"@type":"ReadAction","target":["https:\/\/interfilling.com\/de\/ueber-uns\/karriere\/"]}]},{"@type":"ImageObject","inLanguage":"de","@id":"https:\/\/interfilling.com\/de\/ueber-uns\/karriere\/#primaryimage","url":"https:\/\/interfilling.com\/wp-content\/uploads\/2023\/03\/Careers-aangepaste-foto.jpg","contentUrl":"https:\/\/interfilling.com\/wp-content\/uploads\/2023\/03\/Careers-aangepaste-foto.jpg","width":1920,"height":1074},{"@type":"BreadcrumbList","@id":"https:\/\/interfilling.com\/de\/ueber-uns\/karriere\/#breadcrumb","itemListElement":[{"@type":"ListItem","position":1,"name":"Home","item":"https:\/\/interfilling.com\/de\/"},{"@type":"ListItem","position":2,"name":"\u00dcber uns","item":"https:\/\/interfilling.com\/de\/ueber-uns\/"},{"@type":"ListItem","position":3,"name":"Karriere"}]},{"@type":"WebSite","@id":"https:\/\/interfilling.com\/de\/#website","url":"https:\/\/interfilling.com\/de\/","name":"Interfilling","description":"Your reliable partner for packaging, filling, and fulfilment.","publisher":{"@id":"https:\/\/interfilling.com\/de\/#organization"},"potentialAction":[{"@type":"SearchAction","target":{"@type":"EntryPoint","urlTemplate":"https:\/\/interfilling.com\/de\/?s={search_term_string}"},"query-input":{"@type":"PropertyValueSpecification","valueRequired":true,"valueName":"search_term_string"}}],"inLanguage":"de"},{"@type":"Organization","@id":"https:\/\/interfilling.com\/de\/#organization","name":"Interfilling","url":"https:\/\/interfilling.com\/de\/","logo":{"@type":"ImageObject","inLanguage":"de","@id":"https:\/\/interfilling.com\/de\/#\/schema\/logo\/image\/","url":"https:\/\/interfilling.com\/wp-content\/uploads\/2023\/03\/Interfilling-logo-3.png","contentUrl":"https:\/\/interfilling.com\/wp-content\/uploads\/2023\/03\/Interfilling-logo-3.png","width":2336,"height":1090,"caption":"Interfilling"},"image":{"@id":"https:\/\/interfilling.com\/de\/#\/schema\/logo\/image\/"},"sameAs":["https:\/\/x.com\/interfilling","https:\/\/www.linkedin.com\/company\/interfilling-b.v.\/"]}]}},"_links":{"self":[{"href":"https:\/\/interfilling.com\/de\/wp-json\/wp\/v2\/pages\/2960","targetHints":{"allow":["GET"]}}],"collection":[{"href":"https:\/\/interfilling.com\/de\/wp-json\/wp\/v2\/pages"}],"about":[{"href":"https:\/\/interfilling.com\/de\/wp-json\/wp\/v2\/types\/page"}],"author":[{"embeddable":true,"href":"https:\/\/interfilling.com\/de\/wp-json\/wp\/v2\/users\/1"}],"replies":[{"embeddable":true,"href":"https:\/\/interfilling.com\/de\/wp-json\/wp\/v2\/comments?post=2960"}],"version-history":[{"count":0,"href":"https:\/\/interfilling.com\/de\/wp-json\/wp\/v2\/pages\/2960\/revisions"}],"up":[{"embeddable":true,"href":"https:\/\/interfilling.com\/de\/wp-json\/wp\/v2\/pages\/2812"}],"wp:featuredmedia":[{"embeddable":true,"href":"https:\/\/interfilling.com\/de\/wp-json\/wp\/v2\/media\/2964"}],"wp:attachment":[{"href":"https:\/\/interfilling.com\/de\/wp-json\/wp\/v2\/media?parent=2960"}],"curies":[{"name":"wp","href":"https:\/\/api.w.org\/{rel}","templated":true}]}}