{"id":3128,"date":"2024-07-22T13:39:31","date_gmt":"2024-07-22T11:39:31","guid":{"rendered":"https:\/\/interfilling.com\/?page_id=3128"},"modified":"2025-01-16T15:45:19","modified_gmt":"2025-01-16T14:45:19","slug":"haarpflege","status":"publish","type":"page","link":"https:\/\/interfilling.com\/de\/branchen\/haarpflege\/","title":{"rendered":"Haarpflege"},"content":{"rendered":"<section id=section-block-block_8ed8edb78d6e5c9e64e816758211ceb9 class=\"section block_content_and_image_left\" itemscope itemtype=\"http:\/\/schema.org\/WebPageElement\" itemprop=\"hasPart\"><div class=\"container\"><div class=\"block-row blocks-in-row-2\"><div class=\"block content-block\" itemscope itemtype=\"http:\/\/schema.org\/WebPageElement\" itemprop=\"isPartOf\"><div class=\"inner-wrapper\"><div class=\"title-wrapper\"><h1 class=\"block-title h2\">Haarpflege<\/h1><span class=\"block-subtitle\">Verpackungen, Abf\u00fcllservice und\/oder Konfektionierung<\/span><\/div><div itemprop=\"text\" class=\"content-wrapper\"><p>Von der pr\u00e4zisen Abf\u00fcllung \u00fcber die nahtlose Konfektionierung bis hin zur sorgf\u00e4ltigen Verpackung stellen wir sicher, dass Ihre Haarpflegeprodukte schnell und exakt zu Ihren Kunden gelangen. Optimieren Sie Ihre Produktion mit unserem Engagement f\u00fcr Qualit\u00e4t und Zuverl\u00e4ssigkeit. Wir sind auf das Abf\u00fcllen, Verpacken und Konfektionieren einer Vielzahl von Haarpflegeprodukten spezialisiert, darunter:   <\/p>\n<ul>\n<li>Shampoo<\/li>\n<li>Conditioner<\/li>\n<li>Feuchtigkeitspflege<\/li>\n<li>Lockenprodukte<\/li>\n<li>Haar\u00f6l<\/li>\n<li>Volumenpuder<\/li>\n<li>\u00c4therisches \u00d6l<\/li>\n<li>Gel<\/li>\n<\/ul>\n<p>&nbsp;<\/p>\n<\/div><a  title=\"Fordern Sie ein kostenloses Angebot an\" href=\"https:\/\/theplatform.interfilling.com\/nl\/services\" class=\"button\" itemscope itemtype=\"http:\/\/schema.org\/WebPage\" itemprop=\"isPartOf\"><meta itemprop=\"significantLink\" content=\"https:\/\/theplatform.interfilling.com\/nl\/services\">Fordern Sie ein kostenloses Angebot an<\/a><\/div><\/div><div class=\"block image-block\" itemscope itemtype=\"http:\/\/schema.org\/WebPageElement\" itemprop=\"isPartOf\"><div class=\"inner-wrapper\"><figure itemscope itemtype=\"http:\/\/schema.org\/ImageObject\" itemprop=\"isPartOf\" class=\"img-wrapper\"><meta itemprop=\"text\" content=\"Packaging cosmetics &#038; personal care &#038; home care\"><img decoding=\"async\" title=\"09\" alt=\"Packaging cosmetics &#038; personal care &#038; home care\" src=\"https:\/\/interfilling.com\/wp-content\/uploads\/2024\/02\/09-1544x1620.jpg\"\/><meta itemprop=\"name\" content=\"09\"><meta itemprop=\"image\" content=\"https:\/\/interfilling.com\/wp-content\/uploads\/2024\/02\/09-1544x1620.jpg\"><\/figure><\/div><\/div><\/div><\/div><\/section>\n\n<section id=section-block-block_206fc56f6a5e64f05f5e4c952689535f class=\"section query-overview-block\" itemscope itemtype=\"http:\/\/schema.org\/WebPageElement\" itemprop=\"isPartOf\"><div class=\"container\"><div class=\"block-row blocks-in-row-1\"><div class=\"block collection-overview-block\"><div class=\"title-wrapper\"><h3 class=\"block-title h2\">Verpackungen f\u00fcr Haarpflegeprodukte<\/h3><\/div><div class=\"collection-wrapper handpicked\" itemscope itemtype=\"https:\/\/schema.org\/Collection\"><a itemprop=\"url\" target=\"_blank\" href=\"https:\/\/theplatform.interfilling.com\/en\/product\/bottle\" class=\"part packaging-part\" itemprop=\"itemListElement\" itemtype=\"https:\/\/schema.org\/Product\"><div class=\"inner-wrapper\"><div class=\"thumb\"><meta content=\"https:\/\/interfilling.com\/wp-content\/uploads\/2024\/04\/bottle30ml.png\" itemprop=\"image\"><img decoding=\"async\" width=\"349\" height=\"202\" src=\"https:\/\/interfilling.com\/wp-content\/uploads\/2024\/04\/bottle30ml.png\" class=\"attachment-news size-news wp-post-image\" alt=\"Amber Boston Bottle 30ml\" srcset=\"https:\/\/interfilling.com\/wp-content\/uploads\/2024\/04\/bottle30ml.png 349w, https:\/\/interfilling.com\/wp-content\/uploads\/2024\/04\/bottle30ml-300x174.png 300w\" sizes=\"(max-width: 349px) 100vw, 349px\" \/><\/div><ul class=\"category-list\"><li>Bottles<\/li><\/ul><h4 class=\"part-title\" itemprop=\"headline\">Amber Boston flesje 30ml<\/h4><span class=\"part-number\" itemprop=\"headline\">Article number: 4900851<\/span><\/div><meta content=\"09.04.2024\" itemprop=\"datePublished\"><meta content=\"09.04.2024\" itemprop=\"dateModified\"><meta content=\"jannekekeystone\" itemprop=\"author\"><div class=\"meta-tag-wrapper\" itemprop=\"publisher\" itemscope itemtype=\"https:\/\/schema.org\/Organization\"><meta content=\"Interfilling\" itemprop=\"name\"><div itemprop=\"logo\" itemscope itemtype=\"https:\/\/schema.org\/ImageObject\"><meta itemprop=\"url\" content=\"https:\/\/interfilling.com\/wp-content\/themes\/interfilling\/assets\/dist\/images\/logo.svg\"><\/div><\/div><\/a><a itemprop=\"url\" target=\"_blank\" href=\"https:\/\/theplatform.interfilling.com\/en\/product\/bottle\" class=\"part packaging-part\" itemprop=\"itemListElement\" itemtype=\"https:\/\/schema.org\/Product\"><div class=\"inner-wrapper\"><div class=\"thumb\"><meta content=\"https:\/\/interfilling.com\/wp-content\/uploads\/2024\/04\/clear30ml.png\" itemprop=\"image\"><img decoding=\"async\" width=\"350\" height=\"202\" src=\"https:\/\/interfilling.com\/wp-content\/uploads\/2024\/04\/clear30ml.png\" class=\"attachment-news size-news wp-post-image\" alt=\"Clear Glass Bottle 30ml\" srcset=\"https:\/\/interfilling.com\/wp-content\/uploads\/2024\/04\/clear30ml.png 350w, https:\/\/interfilling.com\/wp-content\/uploads\/2024\/04\/clear30ml-300x173.png 300w\" sizes=\"(max-width: 350px) 100vw, 350px\" \/><\/div><ul class=\"category-list\"><li>Bottles<\/li><\/ul><h4 class=\"part-title\" itemprop=\"headline\">Helder glazen flesje 30ml<\/h4><span class=\"part-number\" itemprop=\"headline\">Article number: 4900851<\/span><\/div><meta content=\"09.04.2024\" itemprop=\"datePublished\"><meta content=\"09.04.2024\" itemprop=\"dateModified\"><meta content=\"jannekekeystone\" itemprop=\"author\"><div class=\"meta-tag-wrapper\" itemprop=\"publisher\" itemscope itemtype=\"https:\/\/schema.org\/Organization\"><meta content=\"Interfilling\" itemprop=\"name\"><div itemprop=\"logo\" itemscope itemtype=\"https:\/\/schema.org\/ImageObject\"><meta itemprop=\"url\" content=\"https:\/\/interfilling.com\/wp-content\/themes\/interfilling\/assets\/dist\/images\/logo.svg\"><\/div><\/div><\/a><a itemprop=\"url\" target=\"_blank\" href=\"https:\/\/theplatform.interfilling.com\/en\/product\/bottle\" class=\"part packaging-part\" itemprop=\"itemListElement\" itemtype=\"https:\/\/schema.org\/Product\"><div class=\"inner-wrapper\"><div class=\"thumb\"><meta content=\"https:\/\/interfilling.com\/wp-content\/uploads\/2023\/03\/London-Bottle-250ml-White-HDPE-349x410.png\" itemprop=\"image\"><img decoding=\"async\" width=\"349\" height=\"410\" src=\"https:\/\/interfilling.com\/wp-content\/uploads\/2023\/03\/London-Bottle-250ml-White-HDPE-349x410.png\" class=\"attachment-news size-news wp-post-image\" alt=\"\" \/><\/div><ul class=\"category-list\"><li>Bottles<\/li><\/ul><h4 class=\"part-title\" itemprop=\"headline\">London Bottle 250ml White HDPE<\/h4><span class=\"part-number\" itemprop=\"headline\">Article number: 4901410<\/span><\/div><meta content=\"08.03.2023\" itemprop=\"datePublished\"><meta content=\"23.02.2024\" itemprop=\"dateModified\"><meta content=\"admin\" itemprop=\"author\"><div class=\"meta-tag-wrapper\" itemprop=\"publisher\" itemscope itemtype=\"https:\/\/schema.org\/Organization\"><meta content=\"Interfilling\" itemprop=\"name\"><div itemprop=\"logo\" itemscope itemtype=\"https:\/\/schema.org\/ImageObject\"><meta itemprop=\"url\" content=\"https:\/\/interfilling.com\/wp-content\/themes\/interfilling\/assets\/dist\/images\/logo.svg\"><\/div><\/div><\/a><a itemprop=\"url\" target=\"_blank\" href=\"https:\/\/theplatform.interfilling.com\/en\/product\/bottle\" class=\"part packaging-part\" itemprop=\"itemListElement\" itemtype=\"https:\/\/schema.org\/Product\"><div class=\"inner-wrapper\"><div class=\"thumb\"><meta content=\"https:\/\/interfilling.com\/wp-content\/uploads\/2023\/03\/London-Bottle-50ml-Black-HDPE.png\" itemprop=\"image\"><img decoding=\"async\" width=\"350\" height=\"223\" src=\"https:\/\/interfilling.com\/wp-content\/uploads\/2023\/03\/London-Bottle-50ml-Black-HDPE.png\" class=\"attachment-news size-news wp-post-image\" alt=\"\" srcset=\"https:\/\/interfilling.com\/wp-content\/uploads\/2023\/03\/London-Bottle-50ml-Black-HDPE.png 350w, https:\/\/interfilling.com\/wp-content\/uploads\/2023\/03\/London-Bottle-50ml-Black-HDPE-300x191.png 300w\" sizes=\"(max-width: 350px) 100vw, 350px\" \/><\/div><ul class=\"category-list\"><li>Bottles<\/li><\/ul><h4 class=\"part-title\" itemprop=\"headline\">London Bottle 50ml Black HDPE<\/h4><span class=\"part-number\" itemprop=\"headline\">Article number: 4900851<\/span><\/div><meta content=\"08.03.2023\" itemprop=\"datePublished\"><meta content=\"23.02.2024\" itemprop=\"dateModified\"><meta content=\"admin\" itemprop=\"author\"><div class=\"meta-tag-wrapper\" itemprop=\"publisher\" itemscope itemtype=\"https:\/\/schema.org\/Organization\"><meta content=\"Interfilling\" itemprop=\"name\"><div itemprop=\"logo\" itemscope itemtype=\"https:\/\/schema.org\/ImageObject\"><meta itemprop=\"url\" content=\"https:\/\/interfilling.com\/wp-content\/themes\/interfilling\/assets\/dist\/images\/logo.svg\"><\/div><\/div><\/a><\/div><\/div><\/div><div class=\"query-overview-button-wrapper\"><a  title=\"Unsere Verpackungen f\u00fcr Haarpflegeprodukte anzeigen\" href=\"https:\/\/theplatform.interfilling.com\/de\/product\/all\" class=\"button\">Unsere Verpackungen f\u00fcr Haarpflegeprodukte anzeigen<\/a><\/div><\/div><\/section>\n\n<section id=section-block_49c8b0ba36cdcd623b30d1f454bf32ab class=\"section block_image_and_content_left\" itemscope itemtype=\"http:\/\/schema.org\/WebPageElement\" itemprop=\"hasPart\"><div class=\"container\"><div class=\"block-row blocks-in-row-2\"><div class=\"block image-block\" itemscope itemtype=\"http:\/\/schema.org\/WebPageElement\" itemprop=\"isPartOf\"><div class=\"inner-wrapper\"><figure itemscope itemtype=\"http:\/\/schema.org\/ImageObject\" itemprop=\"isPartOf\" class=\"img-wrapper\"><meta itemprop=\"description\" content=\"Refill Pouch\"><img decoding=\"async\" title=\"IF Pouch (navulling)_3L\" alt=\"Refill Pouch\" src=\"https:\/\/interfilling.com\/wp-content\/uploads\/2023\/11\/IF-Pouch-navulling_3L-600x400.jpg\"\/><meta itemprop=\"name\" content=\"IF Pouch (navulling)_3L\"><meta itemprop=\"image\" content=\"https:\/\/interfilling.com\/wp-content\/uploads\/2023\/11\/IF-Pouch-navulling_3L-600x400.jpg\"><\/figure><\/div><\/div><div class=\"block content-block\" itemscope itemtype=\"http:\/\/schema.org\/WebPageElement\" itemprop=\"isPartOf\"><div class=\"inner-wrapper\"><div class=\"title-wrapper\"><h2 class=\"block-title h2\">Nachf\u00fcllpackungen f\u00fcr Haarpflegeprodukte<\/h2><\/div><div itemprop=\"description\" class=\"content-wrapper\"><p>Unsere Nachf\u00fclloptionen, wie beispielsweise Beutel, erm\u00f6glichen es Ihrer Marke, den wachsenden Umweltbewusstseins der Verbraucher gerecht zu werden. Durch die Zusammenarbeit mit uns bei der Einf\u00fchrung von Nachf\u00fcllbeuteln f\u00fcr Haarpflegeprodukte wie Haar\u00f6l, Shampoo und Conditioner st\u00e4rken Sie das umweltfreundliche Image Ihrer Marke und leisten einen wertvollen Beitrag zur globalen Abfallreduzierung. <\/p>\n<\/div><\/div><\/div><\/div><\/div><\/section>\n\n<section id=section-block-block_32b7453b8ac60d6c9d71f741edd6e6c6 class=\"section block_content_and_image_left\" itemscope itemtype=\"http:\/\/schema.org\/WebPageElement\" itemprop=\"hasPart\"><div class=\"container\"><div class=\"block-row blocks-in-row-2\"><div class=\"block content-block\" itemscope itemtype=\"http:\/\/schema.org\/WebPageElement\" itemprop=\"isPartOf\"><div class=\"inner-wrapper\"><div class=\"title-wrapper\"><h2 class=\"block-title h2\">Individuell gestaltete Verpackungen f\u00fcr Haarpflegeprodukte<\/h2><\/div><div itemprop=\"text\" class=\"content-wrapper\"><p>Kontaktieren Sie uns noch heute, um mehr dar\u00fcber zu erfahren, wie wir Sie beim Abf\u00fcllen, Verpacken und Konfektionieren Ihrer Haarpflegeprodukte unterst\u00fctzen k\u00f6nnen.<\/p>\n<p>&nbsp;<\/p>\n<\/div><a  title=\"Kontaktieren Sie uns\" href=\"https:\/\/interfilling.com\/nl\/contact\/\" class=\"button\" itemscope itemtype=\"http:\/\/schema.org\/WebPage\" itemprop=\"isPartOf\"><meta itemprop=\"significantLink\" content=\"https:\/\/interfilling.com\/nl\/contact\/\">Kontaktieren Sie uns<\/a><\/div><\/div><div class=\"block image-block\" itemscope itemtype=\"http:\/\/schema.org\/WebPageElement\" itemprop=\"isPartOf\"><div class=\"inner-wrapper\"><figure itemscope itemtype=\"http:\/\/schema.org\/ImageObject\" itemprop=\"isPartOf\" class=\"img-wrapper\"><meta itemprop=\"text\" content=\"Filling Service\"><img decoding=\"async\" title=\"A7V05395 (3)\" alt=\"Filling Service\" src=\"https:\/\/interfilling.com\/wp-content\/uploads\/2024\/02\/A7V05395-3-scaled.jpg\"\/><meta itemprop=\"name\" content=\"A7V05395 (3)\"><meta itemprop=\"image\" content=\"https:\/\/interfilling.com\/wp-content\/uploads\/2024\/02\/A7V05395-3-scaled.jpg\"><\/figure><\/div><\/div><\/div><\/div><\/section>\n\n<section id=section-block-block_4b93033cda1839639a6b29b2527e862f class=\"section cta_with_button_block\" itemscope itemtype=\"http:\/\/schema.org\/WebPageElement\" itemprop=\"isPartOf\"><div class=\"container\"><div class=\"background-underlay\"><\/div><div class=\"block-row blocks-in-row-1\"><div class=\"block cta-with-button-block\"><div class=\"inner-wrapper\"><div class=\"title-wrapper\"><h3 class=\"block-title h2\">Nutzen Sie unseren benutzerfreundlichen Konfigurator, um schnell ein Angebot zu erhalten.<\/h3><\/div><div class=\"thumb-side\"><figure itemscope itemtype=\"http:\/\/schema.org\/ImageObject\" itemprop=\"isPartOf\" class=\"img-wrapper\"><img decoding=\"async\" title=\"cta-screens\" alt=\"\" src=\"https:\/\/interfilling.com\/wp-content\/uploads\/2023\/02\/cta-screens.png\"\/><meta itemprop=\"name\" content=\"cta-screens\"><meta itemprop=\"image\" content=\"https:\/\/interfilling.com\/wp-content\/uploads\/2023\/02\/cta-screens.png\"><\/figure><\/div><div class=\"button-wrapper\"><a  title=\"Gew\u00fcnschte Dienstleistungen konfigurieren\" href=\"https:\/\/theplatform.interfilling.com\/en\/\" class=\"button set\" itemscope itemtype=\"http:\/\/schema.org\/WebPage\" itemprop=\"isPartOf\"><meta itemprop=\"significantLink\" content=\"https:\/\/theplatform.interfilling.com\/en\/\">Gew\u00fcnschte Dienstleistungen konfigurieren<\/a><a  title=\"Kontaktieren Sie uns\" href=\"https:\/\/interfilling.com\/contact\/\" class=\"button\" itemscope itemtype=\"http:\/\/schema.org\/WebPage\" itemprop=\"isPartOf\"><meta itemprop=\"significantLink\" content=\"https:\/\/interfilling.com\/contact\/\">Kontaktieren Sie uns<\/a><\/div><\/div><\/div><\/div><\/section>","protected":false},"excerpt":{"rendered":"","protected":false},"author":6,"featured_media":0,"parent":2872,"menu_order":36,"comment_status":"closed","ping_status":"closed","template":"","meta":{"_acf_changed":false,"footnotes":""},"class_list":["post-3128","page","type-page","status-publish","hentry"],"acf":[],"yoast_head":"<!-- This site is optimized with the Yoast SEO plugin v27.1.1 - https:\/\/yoast.com\/product\/yoast-seo-wordpress\/ -->\n<title>Haarpflege | Interfilling<\/title>\n<meta name=\"description\" content=\"Abf\u00fcll-, Verpackungs- und Konfektionierungsservice f\u00fcr Haarpflegeprodukte. Besuchen Sie unsere Website f\u00fcr detaillierte Informationen.\" \/>\n<meta name=\"robots\" content=\"index, follow, max-snippet:-1, max-image-preview:large, max-video-preview:-1\" \/>\n<link rel=\"canonical\" href=\"https:\/\/interfilling.com\/de\/branchen\/haarpflege\/\" \/>\n<meta property=\"og:locale\" content=\"de_DE\" \/>\n<meta property=\"og:type\" content=\"article\" \/>\n<meta property=\"og:title\" content=\"Haarpflege | Interfilling\" \/>\n<meta property=\"og:description\" content=\"Abf\u00fcll-, Verpackungs- und Konfektionierungsservice f\u00fcr Haarpflegeprodukte. Besuchen Sie unsere Website f\u00fcr detaillierte Informationen.\" \/>\n<meta property=\"og:url\" content=\"https:\/\/interfilling.com\/de\/branchen\/haarpflege\/\" \/>\n<meta property=\"og:site_name\" content=\"Interfilling\" \/>\n<meta property=\"article:modified_time\" content=\"2025-01-16T14:45:19+00:00\" \/>\n<meta name=\"twitter:card\" content=\"summary_large_image\" \/>\n<meta name=\"twitter:site\" content=\"@interfilling\" \/>\n<meta name=\"twitter:label1\" content=\"Gesch\u00e4tzte Lesezeit\" \/>\n\t<meta name=\"twitter:data1\" content=\"2\u00a0Minuten\" \/>\n<script type=\"application\/ld+json\" class=\"yoast-schema-graph\">{\"@context\":\"https:\/\/schema.org\",\"@graph\":[{\"@type\":\"WebPage\",\"@id\":\"https:\/\/interfilling.com\/de\/branchen\/haarpflege\/\",\"url\":\"https:\/\/interfilling.com\/de\/branchen\/haarpflege\/\",\"name\":\"Haarpflege | Interfilling\",\"isPartOf\":{\"@id\":\"https:\/\/interfilling.com\/de\/#website\"},\"datePublished\":\"2024-07-22T11:39:31+00:00\",\"dateModified\":\"2025-01-16T14:45:19+00:00\",\"description\":\"Abf\u00fcll-, Verpackungs- und Konfektionierungsservice f\u00fcr Haarpflegeprodukte. Besuchen Sie unsere Website f\u00fcr detaillierte Informationen.\",\"breadcrumb\":{\"@id\":\"https:\/\/interfilling.com\/de\/branchen\/haarpflege\/#breadcrumb\"},\"inLanguage\":\"de\",\"potentialAction\":[{\"@type\":\"ReadAction\",\"target\":[\"https:\/\/interfilling.com\/de\/branchen\/haarpflege\/\"]}]},{\"@type\":\"BreadcrumbList\",\"@id\":\"https:\/\/interfilling.com\/de\/branchen\/haarpflege\/#breadcrumb\",\"itemListElement\":[{\"@type\":\"ListItem\",\"position\":1,\"name\":\"Home\",\"item\":\"https:\/\/interfilling.com\/de\/\"},{\"@type\":\"ListItem\",\"position\":2,\"name\":\"Branchen\",\"item\":\"https:\/\/interfilling.com\/de\/branchen\/\"},{\"@type\":\"ListItem\",\"position\":3,\"name\":\"Haarpflege\"}]},{\"@type\":\"WebSite\",\"@id\":\"https:\/\/interfilling.com\/de\/#website\",\"url\":\"https:\/\/interfilling.com\/de\/\",\"name\":\"Interfilling\",\"description\":\"Your reliable partner for packaging, filling, and fulfilment.\",\"publisher\":{\"@id\":\"https:\/\/interfilling.com\/de\/#organization\"},\"potentialAction\":[{\"@type\":\"SearchAction\",\"target\":{\"@type\":\"EntryPoint\",\"urlTemplate\":\"https:\/\/interfilling.com\/de\/?s={search_term_string}\"},\"query-input\":{\"@type\":\"PropertyValueSpecification\",\"valueRequired\":true,\"valueName\":\"search_term_string\"}}],\"inLanguage\":\"de\"},{\"@type\":\"Organization\",\"@id\":\"https:\/\/interfilling.com\/de\/#organization\",\"name\":\"Interfilling\",\"url\":\"https:\/\/interfilling.com\/de\/\",\"logo\":{\"@type\":\"ImageObject\",\"inLanguage\":\"de\",\"@id\":\"https:\/\/interfilling.com\/de\/#\/schema\/logo\/image\/\",\"url\":\"https:\/\/interfilling.com\/wp-content\/uploads\/2023\/03\/Interfilling-logo-3.png\",\"contentUrl\":\"https:\/\/interfilling.com\/wp-content\/uploads\/2023\/03\/Interfilling-logo-3.png\",\"width\":2336,\"height\":1090,\"caption\":\"Interfilling\"},\"image\":{\"@id\":\"https:\/\/interfilling.com\/de\/#\/schema\/logo\/image\/\"},\"sameAs\":[\"https:\/\/x.com\/interfilling\",\"https:\/\/www.linkedin.com\/company\/interfilling-b.v.\/\"]}]}<\/script>\n<!-- \/ Yoast SEO plugin. -->","yoast_head_json":{"title":"Haarpflege | Interfilling","description":"Abf\u00fcll-, Verpackungs- und Konfektionierungsservice f\u00fcr Haarpflegeprodukte. Besuchen Sie unsere Website f\u00fcr detaillierte Informationen.","robots":{"index":"index","follow":"follow","max-snippet":"max-snippet:-1","max-image-preview":"max-image-preview:large","max-video-preview":"max-video-preview:-1"},"canonical":"https:\/\/interfilling.com\/de\/branchen\/haarpflege\/","og_locale":"de_DE","og_type":"article","og_title":"Haarpflege | Interfilling","og_description":"Abf\u00fcll-, Verpackungs- und Konfektionierungsservice f\u00fcr Haarpflegeprodukte. Besuchen Sie unsere Website f\u00fcr detaillierte Informationen.","og_url":"https:\/\/interfilling.com\/de\/branchen\/haarpflege\/","og_site_name":"Interfilling","article_modified_time":"2025-01-16T14:45:19+00:00","twitter_card":"summary_large_image","twitter_site":"@interfilling","twitter_misc":{"Gesch\u00e4tzte Lesezeit":"2\u00a0Minuten"},"schema":{"@context":"https:\/\/schema.org","@graph":[{"@type":"WebPage","@id":"https:\/\/interfilling.com\/de\/branchen\/haarpflege\/","url":"https:\/\/interfilling.com\/de\/branchen\/haarpflege\/","name":"Haarpflege | Interfilling","isPartOf":{"@id":"https:\/\/interfilling.com\/de\/#website"},"datePublished":"2024-07-22T11:39:31+00:00","dateModified":"2025-01-16T14:45:19+00:00","description":"Abf\u00fcll-, Verpackungs- und Konfektionierungsservice f\u00fcr Haarpflegeprodukte. Besuchen Sie unsere Website f\u00fcr detaillierte Informationen.","breadcrumb":{"@id":"https:\/\/interfilling.com\/de\/branchen\/haarpflege\/#breadcrumb"},"inLanguage":"de","potentialAction":[{"@type":"ReadAction","target":["https:\/\/interfilling.com\/de\/branchen\/haarpflege\/"]}]},{"@type":"BreadcrumbList","@id":"https:\/\/interfilling.com\/de\/branchen\/haarpflege\/#breadcrumb","itemListElement":[{"@type":"ListItem","position":1,"name":"Home","item":"https:\/\/interfilling.com\/de\/"},{"@type":"ListItem","position":2,"name":"Branchen","item":"https:\/\/interfilling.com\/de\/branchen\/"},{"@type":"ListItem","position":3,"name":"Haarpflege"}]},{"@type":"WebSite","@id":"https:\/\/interfilling.com\/de\/#website","url":"https:\/\/interfilling.com\/de\/","name":"Interfilling","description":"Your reliable partner for packaging, filling, and fulfilment.","publisher":{"@id":"https:\/\/interfilling.com\/de\/#organization"},"potentialAction":[{"@type":"SearchAction","target":{"@type":"EntryPoint","urlTemplate":"https:\/\/interfilling.com\/de\/?s={search_term_string}"},"query-input":{"@type":"PropertyValueSpecification","valueRequired":true,"valueName":"search_term_string"}}],"inLanguage":"de"},{"@type":"Organization","@id":"https:\/\/interfilling.com\/de\/#organization","name":"Interfilling","url":"https:\/\/interfilling.com\/de\/","logo":{"@type":"ImageObject","inLanguage":"de","@id":"https:\/\/interfilling.com\/de\/#\/schema\/logo\/image\/","url":"https:\/\/interfilling.com\/wp-content\/uploads\/2023\/03\/Interfilling-logo-3.png","contentUrl":"https:\/\/interfilling.com\/wp-content\/uploads\/2023\/03\/Interfilling-logo-3.png","width":2336,"height":1090,"caption":"Interfilling"},"image":{"@id":"https:\/\/interfilling.com\/de\/#\/schema\/logo\/image\/"},"sameAs":["https:\/\/x.com\/interfilling","https:\/\/www.linkedin.com\/company\/interfilling-b.v.\/"]}]}},"_links":{"self":[{"href":"https:\/\/interfilling.com\/de\/wp-json\/wp\/v2\/pages\/3128","targetHints":{"allow":["GET"]}}],"collection":[{"href":"https:\/\/interfilling.com\/de\/wp-json\/wp\/v2\/pages"}],"about":[{"href":"https:\/\/interfilling.com\/de\/wp-json\/wp\/v2\/types\/page"}],"author":[{"embeddable":true,"href":"https:\/\/interfilling.com\/de\/wp-json\/wp\/v2\/users\/6"}],"replies":[{"embeddable":true,"href":"https:\/\/interfilling.com\/de\/wp-json\/wp\/v2\/comments?post=3128"}],"version-history":[{"count":0,"href":"https:\/\/interfilling.com\/de\/wp-json\/wp\/v2\/pages\/3128\/revisions"}],"up":[{"embeddable":true,"href":"https:\/\/interfilling.com\/de\/wp-json\/wp\/v2\/pages\/2872"}],"wp:attachment":[{"href":"https:\/\/interfilling.com\/de\/wp-json\/wp\/v2\/media?parent=3128"}],"curies":[{"name":"wp","href":"https:\/\/api.w.org\/{rel}","templated":true}]}}