{"id":894,"date":"2023-11-16T15:13:56","date_gmt":"2023-11-16T14:13:56","guid":{"rendered":"https:\/\/interfilling.com\/faq\/"},"modified":"2025-01-15T08:39:48","modified_gmt":"2025-01-15T07:39:48","slug":"faq","status":"publish","type":"page","link":"https:\/\/interfilling.com\/nl\/faq\/","title":{"rendered":"FAQ"},"content":{"rendered":"<section id=section-block-block_726770e1dd23d595cf5a732ec91d8514 class=\"section faq_block\" itemscope itemtype=\"https:\/\/schema.org\/FAQPage\"><div class=\"container\"><div class=\"block-row blocks-in-row-1\"><div class=\"block faq-block\"><div class=\"inner-wrapper\"><div class=\"title-wrapper\"><span class=\"block-subtitle\">FAQ<\/span><h1 class=\"block-title h2\">Veelgestelde vragen<\/h1><\/div><ul class=\"faq-wrapper\"><li class=\"faq-item\" itemscope itemprop=\"mainEntity\" itemtype=\"https:\/\/schema.org\/Question\"><button class=\"faq-question\" itemprop=\"name\">Welke soorten producten kun je afvullen en verpakken?<\/button><div itemscope itemprop=\"acceptedAnswer\" itemtype=\"https:\/\/schema.org\/Answer\" class=\"faq-answer\" aria-expanded=\"false\"><p>We hebben expertise in het afvullen en verpakken van verschillende soorten producten, waaronder vloeistoffen, poeders, cr\u00e8mes, gels, nagellak, oli\u00ebn en meer. Onze mogelijkheden strekken zich uit tot industrie\u00ebn zoals cosmetica, persoonlijke verzorging, nagelverzorging, haarverzorging, babyverzorging, mannenverzorging en sportverzorging.<\/p>\n<\/div><\/li><li class=\"faq-item\" itemscope itemprop=\"mainEntity\" itemtype=\"https:\/\/schema.org\/Question\"><button class=\"faq-question\" itemprop=\"name\">Worden er ook producten in bulk geproduceerd?<\/button><div itemscope itemprop=\"acceptedAnswer\" itemtype=\"https:\/\/schema.org\/Answer\" class=\"faq-answer\" aria-expanded=\"false\"><p>Ja, momenteel bestaat onze primaire productie uit nagelverzorgingsproducten. Daarnaast bieden we afvulservices voor andere bulkproducten en\/of leveranciers. Als je nog geen eigen leverancier hebt, zijn we goed voorbereid om je oplossingen van topkwaliteit aan te bieden via ons betrouwbare partnernetwerk. Voel je vrij om contact met ons op te nemen voor verdere ondersteuning die je nodig hebt.<br \/>\nAls je zelf over bulkmaterialen beschikt, kun je eenvoudig een aanvraag indienen via ons\u00a0<a href=\"https:\/\/theplatform.interfilling.com\/nl\/services\">platform<\/a>. In dergelijke gevallen zal de aangewezen accountmanager je vraag binnen 24 uur beantwoorden.<\/p>\n<\/div><\/li><li class=\"faq-item\" itemscope itemprop=\"mainEntity\" itemtype=\"https:\/\/schema.org\/Question\"><button class=\"faq-question\" itemprop=\"name\">Is het mogelijk om alleen gebruik te maken van de afvulservice, aangezien ik mijn eigen bulk en verpakkingen heb?<\/button><div itemscope itemprop=\"acceptedAnswer\" itemtype=\"https:\/\/schema.org\/Answer\" class=\"faq-answer\" aria-expanded=\"false\"><p>Absoluut! Onze kernactiviteit bij Interfilling is het leveren van professionele afvuldiensten. Als je al je eigen bulkproducten en verpakkingsmaterialen hebt, kunnen wij het afvulproces naadloos voor je verzorgen. Zodra je je aanvraag op ons\u00a0<a href=\"https:\/\/theplatform.interfilling.com\/nl\/services\">platform<\/a>\u00a0plaatst, zal ons team tests uitvoeren met behulp van de geleverde monsters om een naadloos en effici\u00ebnt afvulproces te garanderen. Zodra de testfase succesvol is afgerond, is je bestelling klaar voor gebruik, zodat jij je kunt richten op andere aspecten van je bedrijf. We zijn er trots op dat we eersteklas afvuldiensten leveren die zijn afgestemd op jouw specifieke behoeften.<\/p>\n<\/div><\/li><li class=\"faq-item\" itemscope itemprop=\"mainEntity\" itemtype=\"https:\/\/schema.org\/Question\"><button class=\"faq-question\" itemprop=\"name\">Ik heb mijn eigen bulkproducten, kan ik verpakkingen bestellen bij Interfilling?<\/button><div itemscope itemprop=\"acceptedAnswer\" itemtype=\"https:\/\/schema.org\/Answer\" class=\"faq-answer\" aria-expanded=\"false\"><p>Absoluut! Wij bieden een breed scala aan verpakkingsopties die je kunt bekijken op ons Platform. Of je nu op zoek bent naar potten, flessen, tubes of ander verpakkingsmateriaal, bij ons zit je goed. Onze uitgebreide voorraad zorgt ervoor dat al onze verpakkingen op voorraad zijn, waardoor we je korte levertijden kunnen bieden. Wij begrijpen het belang van tijdige service, dus u kunt op ons rekenen om snel aan uw verpakkingsbehoeften te voldoen. Neem een kijkje op onze website om de verschillende verpakkingsmogelijkheden te ontdekken en neem gerust contact met ons op voor verdere hulp.<\/p>\n<\/div><\/li><li class=\"faq-item\" itemscope itemprop=\"mainEntity\" itemtype=\"https:\/\/schema.org\/Question\"><button class=\"faq-question\" itemprop=\"name\">Wat is de doorlooptijd van het afvulproces?<\/button><div itemscope itemprop=\"acceptedAnswer\" itemtype=\"https:\/\/schema.org\/Answer\" class=\"faq-answer\" aria-expanded=\"false\"><p>Ons afvulproces neemt doorgaans 23 werkdagen in beslag nadat alle artikelen zijn afgeleverd en compleet zijn in ons magazijn. We begrijpen het belang van tijdige levering en streven ernaar om aan je verwachtingen te voldoen. We houden je op de hoogte van de voortgang.<\/p>\n<\/div><\/li><li class=\"faq-item\" itemscope itemprop=\"mainEntity\" itemtype=\"https:\/\/schema.org\/Question\"><button class=\"faq-question\" itemprop=\"name\">Wat is de levertijd van de verpakking?<\/button><div itemscope itemprop=\"acceptedAnswer\" itemtype=\"https:\/\/schema.org\/Answer\" class=\"faq-answer\" aria-expanded=\"false\"><p>Zodra je je aanvraag op ons platform hebt ingediend, neemt onze accountmanager alle items samen met je door. Na bevestiging van de bestelling gaan we snel aan de slag om de verzending voor te bereiden. Binnen Europa wordt de levertijd geschat op 1-5 werkdagen, terwijl de levertijd buiten Europa varieert op basis van de grootte en specificaties van de bestelling. Neem rechtstreeks contact met ons op voor een preciezere schatting van de levertijd.<\/p>\n<\/div><\/li><li class=\"faq-item\" itemscope itemprop=\"mainEntity\" itemtype=\"https:\/\/schema.org\/Question\"><button class=\"faq-question\" itemprop=\"name\">Kunnen jullie producten internationaal verzenden?<\/button><div itemscope itemprop=\"acceptedAnswer\" itemtype=\"https:\/\/schema.org\/Answer\" class=\"faq-answer\" aria-expanded=\"false\"><p>Ja, we kunnen producten internationaal verzenden. We werken samen met betrouwbare verzendpartners om een veilige en tijdige levering van je producten naar wereldwijde bestemmingen te garanderen. We kunnen douanedocumentatie afhandelen en voldoen aan de vereisten voor een soepele internationale verzending.<\/p>\n<\/div><\/li><li class=\"faq-item\" itemscope itemprop=\"mainEntity\" itemtype=\"https:\/\/schema.org\/Question\"><button class=\"faq-question\" itemprop=\"name\">Hoe kan ik een offerte aanvragen of meer informatie krijgen over jullie diensten?<\/button><div itemscope itemprop=\"acceptedAnswer\" itemtype=\"https:\/\/schema.org\/Answer\" class=\"faq-answer\" aria-expanded=\"false\"><p>Je kunt gemakkelijk een offerte aanvragen of meer informatie krijgen over onze diensten door contact met ons op te nemen via de contactpagina van onze website.<\/p>\n<\/div><\/li><li class=\"faq-item\" itemscope itemprop=\"mainEntity\" itemtype=\"https:\/\/schema.org\/Question\"><button class=\"faq-question\" itemprop=\"name\">Welke maatregelen voor kwaliteitsborging worden gehanteerd?<\/button><div itemscope itemprop=\"acceptedAnswer\" itemtype=\"https:\/\/schema.org\/Answer\" class=\"faq-answer\" aria-expanded=\"false\"><p>Kwaliteit is voor ons van het grootste belang. We hanteren strenge kwaliteitscontroleprocessen in elke fase van de productie, verpakking en uitvoering. We houden ons aan de industri\u00eble normen en voorschriften om ervoor te zorgen dat de producten aan de hoogste kwaliteitsnormen voldoen. Bovendien zijn we trots op onze <strong>ISO 22716<\/strong> certificering, die onze toewijding aan kwaliteitsmanagement en productveiligheid benadrukken.<\/p>\n<\/div><\/li><li class=\"faq-item\" itemscope itemprop=\"mainEntity\" itemtype=\"https:\/\/schema.org\/Question\"><button class=\"faq-question\" itemprop=\"name\">Bieden jullie verpakkingsoplossingen op maat?  <\/button><div itemscope itemprop=\"acceptedAnswer\" itemtype=\"https:\/\/schema.org\/Answer\" class=\"faq-answer\" aria-expanded=\"false\"><p>Absoluut, we bieden op maat gemaakte verpakkingsoplossingen die nauwkeurig zijn ontworpen om te voldoen aan jouw exacte behoeften, in samenwerking met onze vertrouwde leveranciers. Deze specifieke optie wordt geleverd met een minimale bestelhoeveelheid van 100.000 stuks.<\/p>\n<\/div><\/li><li class=\"faq-item\" itemscope itemprop=\"mainEntity\" itemtype=\"https:\/\/schema.org\/Question\"><button class=\"faq-question\" itemprop=\"name\">Kunnen jullie grote productieorders aan?<\/button><div itemscope itemprop=\"acceptedAnswer\" itemtype=\"https:\/\/schema.org\/Answer\" class=\"faq-answer\" aria-expanded=\"false\"><p>Absoluut! We hebben de capaciteit en de middelen om zowel kleine als grote productieorders te verwerken. Of je nu een paar duizend stuks of miljoenen stuks nodig hebt, met onze flexibele productiemogelijkheden kunnen we effici\u00ebnt aan je behoeften voldoen.<\/p>\n<p>Als je nog vragen hebt of meer hulp nodig hebt, aarzel dan niet om contact met ons op te nemen.<\/p>\n<\/div><\/li><\/ul><div class=\"button-wrapper\"><\/div><\/div><\/div><\/div><\/div><\/section>","protected":false},"excerpt":{"rendered":"","protected":false},"author":1,"featured_media":0,"parent":0,"menu_order":500,"comment_status":"closed","ping_status":"closed","template":"","meta":{"_acf_changed":false,"footnotes":""},"class_list":["post-894","page","type-page","status-publish","hentry"],"acf":[],"yoast_head":"<!-- This site is optimized with the Yoast SEO plugin v27.1.1 - https:\/\/yoast.com\/product\/yoast-seo-wordpress\/ -->\n<title>FAQ | Interfilling<\/title>\n<meta name=\"description\" content=\"Bekijk de veelgestelde vragen (FAQ&#039;s) over afvullen, verpakken en assembleren. We staan klaar om je te helpen!\" \/>\n<meta name=\"robots\" content=\"index, follow, max-snippet:-1, max-image-preview:large, max-video-preview:-1\" \/>\n<link rel=\"canonical\" href=\"https:\/\/interfilling.com\/nl\/faq\/\" \/>\n<meta property=\"og:locale\" content=\"nl_NL\" \/>\n<meta property=\"og:type\" content=\"article\" \/>\n<meta property=\"og:title\" content=\"FAQ | Interfilling\" \/>\n<meta property=\"og:description\" content=\"Bekijk de veelgestelde vragen (FAQ&#039;s) over afvullen, verpakken en assembleren. We staan klaar om je te helpen!\" \/>\n<meta property=\"og:url\" content=\"https:\/\/interfilling.com\/nl\/faq\/\" \/>\n<meta property=\"og:site_name\" content=\"Interfilling\" \/>\n<meta property=\"article:modified_time\" content=\"2025-01-15T07:39:48+00:00\" \/>\n<meta name=\"twitter:card\" content=\"summary_large_image\" \/>\n<meta name=\"twitter:site\" content=\"@interfilling\" \/>\n<meta name=\"twitter:label1\" content=\"Geschatte leestijd\" \/>\n\t<meta name=\"twitter:data1\" content=\"4 minuten\" \/>\n<script type=\"application\/ld+json\" class=\"yoast-schema-graph\">{\"@context\":\"https:\/\/schema.org\",\"@graph\":[{\"@type\":\"WebPage\",\"@id\":\"https:\/\/interfilling.com\/nl\/faq\/\",\"url\":\"https:\/\/interfilling.com\/nl\/faq\/\",\"name\":\"FAQ | Interfilling\",\"isPartOf\":{\"@id\":\"https:\/\/interfilling.com\/nl\/#website\"},\"datePublished\":\"2023-11-16T14:13:56+00:00\",\"dateModified\":\"2025-01-15T07:39:48+00:00\",\"description\":\"Bekijk de veelgestelde vragen (FAQ's) over afvullen, verpakken en assembleren. We staan klaar om je te helpen!\",\"breadcrumb\":{\"@id\":\"https:\/\/interfilling.com\/nl\/faq\/#breadcrumb\"},\"inLanguage\":\"nl-NL\",\"potentialAction\":[{\"@type\":\"ReadAction\",\"target\":[\"https:\/\/interfilling.com\/nl\/faq\/\"]}]},{\"@type\":\"BreadcrumbList\",\"@id\":\"https:\/\/interfilling.com\/nl\/faq\/#breadcrumb\",\"itemListElement\":[{\"@type\":\"ListItem\",\"position\":1,\"name\":\"Home\",\"item\":\"https:\/\/interfilling.com\/nl\/\"},{\"@type\":\"ListItem\",\"position\":2,\"name\":\"FAQ\"}]},{\"@type\":\"WebSite\",\"@id\":\"https:\/\/interfilling.com\/nl\/#website\",\"url\":\"https:\/\/interfilling.com\/nl\/\",\"name\":\"Interfilling\",\"description\":\"Your reliable partner for packaging, filling, and fulfilment.\",\"publisher\":{\"@id\":\"https:\/\/interfilling.com\/nl\/#organization\"},\"potentialAction\":[{\"@type\":\"SearchAction\",\"target\":{\"@type\":\"EntryPoint\",\"urlTemplate\":\"https:\/\/interfilling.com\/nl\/?s={search_term_string}\"},\"query-input\":{\"@type\":\"PropertyValueSpecification\",\"valueRequired\":true,\"valueName\":\"search_term_string\"}}],\"inLanguage\":\"nl-NL\"},{\"@type\":\"Organization\",\"@id\":\"https:\/\/interfilling.com\/nl\/#organization\",\"name\":\"Interfilling\",\"url\":\"https:\/\/interfilling.com\/nl\/\",\"logo\":{\"@type\":\"ImageObject\",\"inLanguage\":\"nl-NL\",\"@id\":\"https:\/\/interfilling.com\/nl\/#\/schema\/logo\/image\/\",\"url\":\"https:\/\/interfilling.com\/wp-content\/uploads\/2023\/03\/Interfilling-logo-3.png\",\"contentUrl\":\"https:\/\/interfilling.com\/wp-content\/uploads\/2023\/03\/Interfilling-logo-3.png\",\"width\":2336,\"height\":1090,\"caption\":\"Interfilling\"},\"image\":{\"@id\":\"https:\/\/interfilling.com\/nl\/#\/schema\/logo\/image\/\"},\"sameAs\":[\"https:\/\/x.com\/interfilling\",\"https:\/\/www.linkedin.com\/company\/interfilling-b.v.\/\"]}]}<\/script>\n<!-- \/ Yoast SEO plugin. -->","yoast_head_json":{"title":"FAQ | Interfilling","description":"Bekijk de veelgestelde vragen (FAQ's) over afvullen, verpakken en assembleren. We staan klaar om je te helpen!","robots":{"index":"index","follow":"follow","max-snippet":"max-snippet:-1","max-image-preview":"max-image-preview:large","max-video-preview":"max-video-preview:-1"},"canonical":"https:\/\/interfilling.com\/nl\/faq\/","og_locale":"nl_NL","og_type":"article","og_title":"FAQ | Interfilling","og_description":"Bekijk de veelgestelde vragen (FAQ's) over afvullen, verpakken en assembleren. We staan klaar om je te helpen!","og_url":"https:\/\/interfilling.com\/nl\/faq\/","og_site_name":"Interfilling","article_modified_time":"2025-01-15T07:39:48+00:00","twitter_card":"summary_large_image","twitter_site":"@interfilling","twitter_misc":{"Geschatte leestijd":"4 minuten"},"schema":{"@context":"https:\/\/schema.org","@graph":[{"@type":"WebPage","@id":"https:\/\/interfilling.com\/nl\/faq\/","url":"https:\/\/interfilling.com\/nl\/faq\/","name":"FAQ | Interfilling","isPartOf":{"@id":"https:\/\/interfilling.com\/nl\/#website"},"datePublished":"2023-11-16T14:13:56+00:00","dateModified":"2025-01-15T07:39:48+00:00","description":"Bekijk de veelgestelde vragen (FAQ's) over afvullen, verpakken en assembleren. We staan klaar om je te helpen!","breadcrumb":{"@id":"https:\/\/interfilling.com\/nl\/faq\/#breadcrumb"},"inLanguage":"nl-NL","potentialAction":[{"@type":"ReadAction","target":["https:\/\/interfilling.com\/nl\/faq\/"]}]},{"@type":"BreadcrumbList","@id":"https:\/\/interfilling.com\/nl\/faq\/#breadcrumb","itemListElement":[{"@type":"ListItem","position":1,"name":"Home","item":"https:\/\/interfilling.com\/nl\/"},{"@type":"ListItem","position":2,"name":"FAQ"}]},{"@type":"WebSite","@id":"https:\/\/interfilling.com\/nl\/#website","url":"https:\/\/interfilling.com\/nl\/","name":"Interfilling","description":"Your reliable partner for packaging, filling, and fulfilment.","publisher":{"@id":"https:\/\/interfilling.com\/nl\/#organization"},"potentialAction":[{"@type":"SearchAction","target":{"@type":"EntryPoint","urlTemplate":"https:\/\/interfilling.com\/nl\/?s={search_term_string}"},"query-input":{"@type":"PropertyValueSpecification","valueRequired":true,"valueName":"search_term_string"}}],"inLanguage":"nl-NL"},{"@type":"Organization","@id":"https:\/\/interfilling.com\/nl\/#organization","name":"Interfilling","url":"https:\/\/interfilling.com\/nl\/","logo":{"@type":"ImageObject","inLanguage":"nl-NL","@id":"https:\/\/interfilling.com\/nl\/#\/schema\/logo\/image\/","url":"https:\/\/interfilling.com\/wp-content\/uploads\/2023\/03\/Interfilling-logo-3.png","contentUrl":"https:\/\/interfilling.com\/wp-content\/uploads\/2023\/03\/Interfilling-logo-3.png","width":2336,"height":1090,"caption":"Interfilling"},"image":{"@id":"https:\/\/interfilling.com\/nl\/#\/schema\/logo\/image\/"},"sameAs":["https:\/\/x.com\/interfilling","https:\/\/www.linkedin.com\/company\/interfilling-b.v.\/"]}]}},"_links":{"self":[{"href":"https:\/\/interfilling.com\/nl\/wp-json\/wp\/v2\/pages\/894","targetHints":{"allow":["GET"]}}],"collection":[{"href":"https:\/\/interfilling.com\/nl\/wp-json\/wp\/v2\/pages"}],"about":[{"href":"https:\/\/interfilling.com\/nl\/wp-json\/wp\/v2\/types\/page"}],"author":[{"embeddable":true,"href":"https:\/\/interfilling.com\/nl\/wp-json\/wp\/v2\/users\/1"}],"replies":[{"embeddable":true,"href":"https:\/\/interfilling.com\/nl\/wp-json\/wp\/v2\/comments?post=894"}],"version-history":[{"count":0,"href":"https:\/\/interfilling.com\/nl\/wp-json\/wp\/v2\/pages\/894\/revisions"}],"wp:attachment":[{"href":"https:\/\/interfilling.com\/nl\/wp-json\/wp\/v2\/media?parent=894"}],"curies":[{"name":"wp","href":"https:\/\/api.w.org\/{rel}","templated":true}]}}